{"id":114,"date":"2022-05-18T16:05:27","date_gmt":"2022-05-18T20:05:27","guid":{"rendered":"https:\/\/jeremieboudreault.com\/?page_id=114"},"modified":"2022-06-05T14:26:34","modified_gmt":"2022-06-05T18:26:34","slug":"lobersvatrice","status":"publish","type":"page","link":"https:\/\/jeremieboudreault.com\/en\/lobersvatrice\/","title":{"rendered":"L&rsquo;observatrice"},"content":{"rendered":"<h2 class=\"wp-block-heading\">Sculpture \u00e9ph\u00e9m\u00e8re de J\u00e9r\u00e9mie Boudreault<br>Install\u00e9e par la Ville de Mont-Saint-Hilaire au Domaine Ozias-Leduc du 21 mai au 21 juin 2020<\/h2>\n\n\n\n<p class=\"wp-block-paragraph\"><\/p>\n\n\n\n<p class=\"wp-block-paragraph\"><strong><em>L\u2019observatrice<\/em><\/strong>L'observatrice, it's this little bird that comes to my feeder every day and has been watching me for a few months through my kitchen window.<\/p>\n\n\n\n<p class=\"wp-block-paragraph\"><strong><em>L\u2019observatrice <\/em><\/strong>du haut de son perchoir me regarde, elle \u00e9coute, s\u2019arr\u00eate de manger; je prends des photos, fais des vid\u00e9os, note, compare avec les autres oiseaux. Non! Mais elle m\u2019observe?<\/p>\n\n\n\n<p class=\"wp-block-paragraph\">Dans cette p\u00e9riode de pand\u00e9mie mondiale, un nouveau regard se trame, un regard de travers, un peu biais\u00e9, on le ressent \u00e0 travers les rideaux pendant la marche quotidienne, dans les files d\u2019attente. L\u2019autre, les autres, sont-ils porteurs de la maladie.&nbsp;<\/p>\n\n\n\n<div class=\"wp-block-jetpack-slideshow alignfull\" data-autoplay=\"true\" data-delay=\"2\" data-effect=\"fade\"><div class=\"wp-block-jetpack-slideshow_container swiper-container\"><ul class=\"wp-block-jetpack-slideshow_swiper-wrapper swiper-wrapper\"><li class=\"wp-block-jetpack-slideshow_slide swiper-slide\"><figure><img data-recalc-dims=\"1\" loading=\"lazy\" decoding=\"async\" width=\"525\" height=\"722\" alt=\"\" class=\"wp-block-jetpack-slideshow_image wp-image-324\" data-id=\"324\" src=\"https:\/\/i0.wp.com\/jeremieboudreault.com\/wp-content\/uploads\/2022\/05\/observatrice4-1.png?resize=525%2C722&#038;ssl=1\"\/><\/figure><\/li><li class=\"wp-block-jetpack-slideshow_slide swiper-slide\"><figure><img data-recalc-dims=\"1\" loading=\"lazy\" decoding=\"async\" width=\"525\" height=\"1136\" alt=\"\" class=\"wp-block-jetpack-slideshow_image wp-image-325\" data-id=\"325\" src=\"https:\/\/i0.wp.com\/jeremieboudreault.com\/wp-content\/uploads\/2022\/05\/observatrice5-1.png?resize=525%2C1136&#038;ssl=1\"\/><\/figure><\/li><li class=\"wp-block-jetpack-slideshow_slide swiper-slide\"><figure><img data-recalc-dims=\"1\" loading=\"lazy\" decoding=\"async\" width=\"525\" height=\"1116\" alt=\"\" class=\"wp-block-jetpack-slideshow_image wp-image-326\" data-id=\"326\" src=\"https:\/\/i0.wp.com\/jeremieboudreault.com\/wp-content\/uploads\/2022\/05\/observatrice6-1.png?resize=525%2C1116&#038;ssl=1\"\/><\/figure><\/li><li class=\"wp-block-jetpack-slideshow_slide swiper-slide\"><figure><img data-recalc-dims=\"1\" loading=\"lazy\" decoding=\"async\" width=\"525\" height=\"1116\" alt=\"\" class=\"wp-block-jetpack-slideshow_image wp-image-323\" data-id=\"323\" src=\"https:\/\/i0.wp.com\/jeremieboudreault.com\/wp-content\/uploads\/2022\/05\/observatrice3-1.png?resize=525%2C1116&#038;ssl=1\"\/><\/figure><\/li><\/ul><a class=\"wp-block-jetpack-slideshow_button-prev swiper-button-prev swiper-button-white\" role=\"button\"><\/a><a class=\"wp-block-jetpack-slideshow_button-next swiper-button-next swiper-button-white\" role=\"button\"><\/a><a aria-label=\"Pause Slideshow\" class=\"wp-block-jetpack-slideshow_button-pause\" role=\"button\"><\/a><div class=\"wp-block-jetpack-slideshow_pagination swiper-pagination swiper-pagination-white\"><\/div><\/div><\/div>\n\n\n\n<p class=\"wp-block-paragraph\"><strong><em>L\u2019observatrice<\/em><\/strong>,<strong><em> <\/em><\/strong>c\u2019est le regard de Patrice Roy, du Dr Carignan, de celui du Dr Arruda, de M.&nbsp;Legault, de Mme McCann, des chroniqueurs s.e.s., des journalistes, de L\u2019OMS.<\/p>\n\n\n\n<p class=\"wp-block-paragraph\"><em><strong>L\u2019observatrice<\/strong><\/em>, c\u2019est les milliers de pr\u00e9pos\u00e9s qui voient, qui respirent et tombent parfois au combat.<\/p>\n\n\n\n<p class=\"wp-block-paragraph\"><strong><em>L\u2019observatrice<\/em><\/strong>, c\u2019est tout \u00e0 coup le temps qui prend son temps, qui est au ralenti, la plan\u00e8te qui semble dire <em>Ouf\u2009, enfin je respire mieux.<\/em><\/p>\n\n\n\n<p class=\"has-text-align-right wp-block-paragraph\">\u2013 J\u00e9r\u00e9mie Boudreault, mai-juin 2020<\/p>","protected":false},"excerpt":{"rendered":"<p>Sculpture \u00e9ph\u00e9m\u00e8re de J\u00e9r\u00e9mie BoudreaultInstall\u00e9e par la Ville de Mont-Saint-Hilaire au Domaine Ozias-Leduc du 21 mai au 21 juin 2020 L\u2019observatrice, c\u2019est ce petit oiseau qui vient quotidiennement dans ma mangeoire et qui m\u2019observe depuis quelque mois \u00e0 travers ma fen\u00eatre de cuisine. L\u2019observatrice du haut de son perchoir me regarde, elle \u00e9coute, s\u2019arr\u00eate de &hellip; <\/p>\n<p class=\"link-more\"><a href=\"https:\/\/jeremieboudreault.com\/en\/lobersvatrice\/\" class=\"more-link\">Continue reading<span class=\"screen-reader-text\"> \u00ab\u00a0L&rsquo;observatrice\u00a0\u00bb<\/span><\/a><\/p>","protected":false},"author":221232206,"featured_media":0,"parent":0,"menu_order":0,"comment_status":"closed","ping_status":"closed","template":"","meta":{"_crdt_document":"","advanced_seo_description":"","jetpack_seo_html_title":"","jetpack_seo_noindex":false,"footnotes":""},"class_list":["post-114","page","type-page","status-publish","hentry"],"jetpack_likes_enabled":true,"jetpack_sharing_enabled":true,"jetpack_shortlink":"https:\/\/wp.me\/PdYxsj-1Q","amp_enabled":true,"_links":{"self":[{"href":"https:\/\/jeremieboudreault.com\/en\/wp-json\/wp\/v2\/pages\/114","targetHints":{"allow":["GET"]}}],"collection":[{"href":"https:\/\/jeremieboudreault.com\/en\/wp-json\/wp\/v2\/pages"}],"about":[{"href":"https:\/\/jeremieboudreault.com\/en\/wp-json\/wp\/v2\/types\/page"}],"author":[{"embeddable":true,"href":"https:\/\/jeremieboudreault.com\/en\/wp-json\/wp\/v2\/users\/221232206"}],"replies":[{"embeddable":true,"href":"https:\/\/jeremieboudreault.com\/en\/wp-json\/wp\/v2\/comments?post=114"}],"version-history":[{"count":10,"href":"https:\/\/jeremieboudreault.com\/en\/wp-json\/wp\/v2\/pages\/114\/revisions"}],"predecessor-version":[{"id":652,"href":"https:\/\/jeremieboudreault.com\/en\/wp-json\/wp\/v2\/pages\/114\/revisions\/652"}],"wp:attachment":[{"href":"https:\/\/jeremieboudreault.com\/en\/wp-json\/wp\/v2\/media?parent=114"}],"curies":[{"name":"wp","href":"https:\/\/api.w.org\/{rel}","templated":true}]}}