{"id":146,"date":"2022-05-18T16:52:27","date_gmt":"2022-05-18T20:52:27","guid":{"rendered":"https:\/\/jeremieboudreault.com\/?page_id=146"},"modified":"2025-11-21T08:44:31","modified_gmt":"2025-11-21T13:44:31","slug":"vide","status":"publish","type":"page","link":"https:\/\/jeremieboudreault.com\/en\/vide\/","title":{"rendered":"Vide"},"content":{"rendered":"<h2 class=\"wp-block-heading\">Installation\u2009: sculpture, toiles flottantes,&nbsp;film d\u2019art&nbsp;inspir\u00e9 des \u0153uvres.<\/h2>\n\n\n\n<figure class=\"wp-block-image size-large\"><img data-recalc-dims=\"1\" loading=\"lazy\" decoding=\"async\" width=\"525\" height=\"344\" data-attachment-id=\"878\" data-permalink=\"https:\/\/jeremieboudreault.com\/en\/vide_1\/\" data-orig-file=\"https:\/\/i0.wp.com\/jeremieboudreault.com\/wp-content\/uploads\/2022\/12\/VIDE_1.png?fit=1200%2C785&amp;ssl=1\" data-orig-size=\"1200,785\" data-comments-opened=\"0\" data-image-meta=\"{&quot;aperture&quot;:&quot;0&quot;,&quot;credit&quot;:&quot;&quot;,&quot;camera&quot;:&quot;&quot;,&quot;caption&quot;:&quot;&quot;,&quot;created_timestamp&quot;:&quot;0&quot;,&quot;copyright&quot;:&quot;&quot;,&quot;focal_length&quot;:&quot;0&quot;,&quot;iso&quot;:&quot;0&quot;,&quot;shutter_speed&quot;:&quot;0&quot;,&quot;title&quot;:&quot;&quot;,&quot;orientation&quot;:&quot;0&quot;}\" data-image-title=\"VIDE_1\" data-image-description=\"\" data-image-caption=\"\" data-large-file=\"https:\/\/i0.wp.com\/jeremieboudreault.com\/wp-content\/uploads\/2022\/12\/VIDE_1.png?fit=525%2C344&amp;ssl=1\" src=\"https:\/\/i0.wp.com\/jeremieboudreault.com\/wp-content\/uploads\/2022\/12\/VIDE_1.png?resize=525%2C344&#038;ssl=1\" alt=\"\" class=\"wp-image-878\" srcset=\"https:\/\/i0.wp.com\/jeremieboudreault.com\/wp-content\/uploads\/2022\/12\/VIDE_1.png?resize=1024%2C670&amp;ssl=1 1024w, https:\/\/i0.wp.com\/jeremieboudreault.com\/wp-content\/uploads\/2022\/12\/VIDE_1.png?resize=300%2C196&amp;ssl=1 300w, https:\/\/i0.wp.com\/jeremieboudreault.com\/wp-content\/uploads\/2022\/12\/VIDE_1.png?resize=768%2C502&amp;ssl=1 768w, https:\/\/i0.wp.com\/jeremieboudreault.com\/wp-content\/uploads\/2022\/12\/VIDE_1.png?resize=18%2C12&amp;ssl=1 18w, https:\/\/i0.wp.com\/jeremieboudreault.com\/wp-content\/uploads\/2022\/12\/VIDE_1.png?resize=700%2C458&amp;ssl=1 700w, https:\/\/i0.wp.com\/jeremieboudreault.com\/wp-content\/uploads\/2022\/12\/VIDE_1.png?resize=611%2C400&amp;ssl=1 611w, https:\/\/i0.wp.com\/jeremieboudreault.com\/wp-content\/uploads\/2022\/12\/VIDE_1.png?w=1200&amp;ssl=1 1200w\" sizes=\"auto, (max-width: 706px) 89vw, (max-width: 767px) 82vw, 740px\" \/><\/figure>\n\n\n\n<p class=\"wp-block-paragraph\"><\/p>\n\n\n\n<p class=\"wp-block-paragraph\">\u00c7a tourne sur soi, \u00e7a joue de la parole aussi parfois, l\u2019image est floue se focalise.<br>Et je veux sauver le monde. L\u2019art peut-il sauver le monde\u2009?&nbsp;<\/p>\n\n\n\n<p class=\"wp-block-paragraph\">An astronaut with a white flag.<\/p>\n\n\n\n<p class=\"wp-block-paragraph\">Va-t-il convaincre\u2009? Partir\u2009? Retourner\u2009? Est-il en orbite\u2009?&nbsp;<\/p>\n\n\n\n<p class=\"wp-block-paragraph\">Je\u2026 pouvons-nous s\u2019extraire ensemble, ou pas, un par un, deux sur 10, mille et un\u2009?<\/p>\n\n\n\n<div class=\"wp-block-jetpack-slideshow aligncenter\" data-autoplay=\"true\" data-delay=\"2\" data-effect=\"fade\"><div class=\"wp-block-jetpack-slideshow_container swiper\"><ul class=\"wp-block-jetpack-slideshow_swiper-wrapper swiper-wrapper\"><li class=\"wp-block-jetpack-slideshow_slide swiper-slide\"><figure><img data-recalc-dims=\"1\" loading=\"lazy\" decoding=\"async\" width=\"525\" height=\"343\" alt=\"\" class=\"wp-block-jetpack-slideshow_image wp-image-883\" data-id=\"883\" src=\"https:\/\/i0.wp.com\/jeremieboudreault.com\/wp-content\/uploads\/2022\/12\/VIDE_6.png?resize=525%2C343&#038;ssl=1\" srcset=\"https:\/\/i0.wp.com\/jeremieboudreault.com\/wp-content\/uploads\/2022\/12\/VIDE_6.png?w=1200&amp;ssl=1 1200w, https:\/\/i0.wp.com\/jeremieboudreault.com\/wp-content\/uploads\/2022\/12\/VIDE_6.png?resize=300%2C196&amp;ssl=1 300w, https:\/\/i0.wp.com\/jeremieboudreault.com\/wp-content\/uploads\/2022\/12\/VIDE_6.png?resize=1024%2C670&amp;ssl=1 1024w, https:\/\/i0.wp.com\/jeremieboudreault.com\/wp-content\/uploads\/2022\/12\/VIDE_6.png?resize=768%2C502&amp;ssl=1 768w, https:\/\/i0.wp.com\/jeremieboudreault.com\/wp-content\/uploads\/2022\/12\/VIDE_6.png?resize=18%2C12&amp;ssl=1 18w, https:\/\/i0.wp.com\/jeremieboudreault.com\/wp-content\/uploads\/2022\/12\/VIDE_6.png?resize=700%2C458&amp;ssl=1 700w, https:\/\/i0.wp.com\/jeremieboudreault.com\/wp-content\/uploads\/2022\/12\/VIDE_6.png?resize=611%2C400&amp;ssl=1 611w\" sizes=\"(max-width: 706px) 89vw, (max-width: 767px) 82vw, 740px\" \/><\/figure><\/li><li class=\"wp-block-jetpack-slideshow_slide swiper-slide\"><figure><img data-recalc-dims=\"1\" loading=\"lazy\" decoding=\"async\" width=\"525\" height=\"343\" alt=\"\" class=\"wp-block-jetpack-slideshow_image wp-image-882\" data-id=\"882\" src=\"https:\/\/i0.wp.com\/jeremieboudreault.com\/wp-content\/uploads\/2022\/12\/VIDE_5.png?resize=525%2C343&#038;ssl=1\" srcset=\"https:\/\/i0.wp.com\/jeremieboudreault.com\/wp-content\/uploads\/2022\/12\/VIDE_5.png?w=1200&amp;ssl=1 1200w, https:\/\/i0.wp.com\/jeremieboudreault.com\/wp-content\/uploads\/2022\/12\/VIDE_5.png?resize=300%2C196&amp;ssl=1 300w, https:\/\/i0.wp.com\/jeremieboudreault.com\/wp-content\/uploads\/2022\/12\/VIDE_5.png?resize=1024%2C670&amp;ssl=1 1024w, https:\/\/i0.wp.com\/jeremieboudreault.com\/wp-content\/uploads\/2022\/12\/VIDE_5.png?resize=768%2C502&amp;ssl=1 768w, https:\/\/i0.wp.com\/jeremieboudreault.com\/wp-content\/uploads\/2022\/12\/VIDE_5.png?resize=18%2C12&amp;ssl=1 18w, https:\/\/i0.wp.com\/jeremieboudreault.com\/wp-content\/uploads\/2022\/12\/VIDE_5.png?resize=700%2C458&amp;ssl=1 700w, https:\/\/i0.wp.com\/jeremieboudreault.com\/wp-content\/uploads\/2022\/12\/VIDE_5.png?resize=611%2C400&amp;ssl=1 611w\" sizes=\"(max-width: 706px) 89vw, (max-width: 767px) 82vw, 740px\" \/><\/figure><\/li><li class=\"wp-block-jetpack-slideshow_slide swiper-slide\"><figure><img data-recalc-dims=\"1\" loading=\"lazy\" decoding=\"async\" width=\"525\" height=\"343\" alt=\"\" class=\"wp-block-jetpack-slideshow_image wp-image-881\" data-id=\"881\" src=\"https:\/\/i0.wp.com\/jeremieboudreault.com\/wp-content\/uploads\/2022\/12\/VIDE_4.png?resize=525%2C343&#038;ssl=1\" srcset=\"https:\/\/i0.wp.com\/jeremieboudreault.com\/wp-content\/uploads\/2022\/12\/VIDE_4.png?w=1200&amp;ssl=1 1200w, https:\/\/i0.wp.com\/jeremieboudreault.com\/wp-content\/uploads\/2022\/12\/VIDE_4.png?resize=300%2C196&amp;ssl=1 300w, https:\/\/i0.wp.com\/jeremieboudreault.com\/wp-content\/uploads\/2022\/12\/VIDE_4.png?resize=1024%2C670&amp;ssl=1 1024w, https:\/\/i0.wp.com\/jeremieboudreault.com\/wp-content\/uploads\/2022\/12\/VIDE_4.png?resize=768%2C502&amp;ssl=1 768w, https:\/\/i0.wp.com\/jeremieboudreault.com\/wp-content\/uploads\/2022\/12\/VIDE_4.png?resize=18%2C12&amp;ssl=1 18w, https:\/\/i0.wp.com\/jeremieboudreault.com\/wp-content\/uploads\/2022\/12\/VIDE_4.png?resize=700%2C458&amp;ssl=1 700w, https:\/\/i0.wp.com\/jeremieboudreault.com\/wp-content\/uploads\/2022\/12\/VIDE_4.png?resize=611%2C400&amp;ssl=1 611w\" sizes=\"(max-width: 706px) 89vw, (max-width: 767px) 82vw, 740px\" \/><\/figure><\/li><li class=\"wp-block-jetpack-slideshow_slide swiper-slide\"><figure><img data-recalc-dims=\"1\" loading=\"lazy\" decoding=\"async\" width=\"525\" height=\"343\" alt=\"\" class=\"wp-block-jetpack-slideshow_image wp-image-880\" data-id=\"880\" src=\"https:\/\/i0.wp.com\/jeremieboudreault.com\/wp-content\/uploads\/2022\/12\/VIDE_3.png?resize=525%2C343&#038;ssl=1\" srcset=\"https:\/\/i0.wp.com\/jeremieboudreault.com\/wp-content\/uploads\/2022\/12\/VIDE_3.png?w=1200&amp;ssl=1 1200w, https:\/\/i0.wp.com\/jeremieboudreault.com\/wp-content\/uploads\/2022\/12\/VIDE_3.png?resize=300%2C196&amp;ssl=1 300w, https:\/\/i0.wp.com\/jeremieboudreault.com\/wp-content\/uploads\/2022\/12\/VIDE_3.png?resize=1024%2C670&amp;ssl=1 1024w, https:\/\/i0.wp.com\/jeremieboudreault.com\/wp-content\/uploads\/2022\/12\/VIDE_3.png?resize=768%2C502&amp;ssl=1 768w, https:\/\/i0.wp.com\/jeremieboudreault.com\/wp-content\/uploads\/2022\/12\/VIDE_3.png?resize=18%2C12&amp;ssl=1 18w, https:\/\/i0.wp.com\/jeremieboudreault.com\/wp-content\/uploads\/2022\/12\/VIDE_3.png?resize=700%2C458&amp;ssl=1 700w, https:\/\/i0.wp.com\/jeremieboudreault.com\/wp-content\/uploads\/2022\/12\/VIDE_3.png?resize=611%2C400&amp;ssl=1 611w\" sizes=\"(max-width: 706px) 89vw, (max-width: 767px) 82vw, 740px\" \/><\/figure><\/li><li class=\"wp-block-jetpack-slideshow_slide swiper-slide\"><figure><img data-recalc-dims=\"1\" loading=\"lazy\" decoding=\"async\" width=\"525\" height=\"343\" alt=\"\" class=\"wp-block-jetpack-slideshow_image wp-image-879\" data-id=\"879\" src=\"https:\/\/i0.wp.com\/jeremieboudreault.com\/wp-content\/uploads\/2022\/12\/VIDE_2.png?resize=525%2C343&#038;ssl=1\" srcset=\"https:\/\/i0.wp.com\/jeremieboudreault.com\/wp-content\/uploads\/2022\/12\/VIDE_2.png?w=1200&amp;ssl=1 1200w, https:\/\/i0.wp.com\/jeremieboudreault.com\/wp-content\/uploads\/2022\/12\/VIDE_2.png?resize=300%2C196&amp;ssl=1 300w, https:\/\/i0.wp.com\/jeremieboudreault.com\/wp-content\/uploads\/2022\/12\/VIDE_2.png?resize=1024%2C670&amp;ssl=1 1024w, https:\/\/i0.wp.com\/jeremieboudreault.com\/wp-content\/uploads\/2022\/12\/VIDE_2.png?resize=768%2C502&amp;ssl=1 768w, https:\/\/i0.wp.com\/jeremieboudreault.com\/wp-content\/uploads\/2022\/12\/VIDE_2.png?resize=18%2C12&amp;ssl=1 18w, https:\/\/i0.wp.com\/jeremieboudreault.com\/wp-content\/uploads\/2022\/12\/VIDE_2.png?resize=700%2C458&amp;ssl=1 700w, https:\/\/i0.wp.com\/jeremieboudreault.com\/wp-content\/uploads\/2022\/12\/VIDE_2.png?resize=611%2C400&amp;ssl=1 611w\" sizes=\"(max-width: 706px) 89vw, (max-width: 767px) 82vw, 740px\" \/><\/figure><\/li><\/ul><a class=\"wp-block-jetpack-slideshow_button-prev swiper-button-prev swiper-button-white\" role=\"button\"><\/a><a class=\"wp-block-jetpack-slideshow_button-next swiper-button-next swiper-button-white\" role=\"button\"><\/a><a aria-label=\"Pause Slideshow\" class=\"wp-block-jetpack-slideshow_button-pause\" role=\"button\"><\/a><div class=\"wp-block-jetpack-slideshow_pagination swiper-pagination swiper-pagination-white\"><\/div><\/div><\/div>\n\n\n\n<hr class=\"wp-block-separator has-alpha-channel-opacity\"\/>\n\n\n\n<h2 class=\"wp-block-heading\">Vid\u00e9o accompagnant l&rsquo;installation<\/h2>\n\n\n\n<figure class=\"wp-block-video\"><video height=\"2160\" style=\"aspect-ratio: 3840 \/ 2160;\" width=\"3840\" controls poster=\"https:\/\/jeremieboudreault.com\/wp-content\/uploads\/2025\/08\/Screenshot-Vide.png\" src=\"https:\/\/jeremieboudreault.com\/wp-content\/uploads\/2025\/08\/Film_Vide_final.mp4\"><\/video><figcaption class=\"wp-element-caption\">R\u00e9alisation : Alain Lambert \u2013 Les productions Saint<br>Production : J\u00e9r\u00e9mie Boudreault and Andr\u00e9 Boisvert<br>MMXXV<\/figcaption><\/figure>\n\n\n\n<hr class=\"wp-block-separator has-alpha-channel-opacity\"\/>\n\n\n\n<p class=\"wp-block-paragraph\"><\/p>","protected":false},"excerpt":{"rendered":"<p>Installation\u2009: sculpture, toiles flottantes,&nbsp;film d\u2019art&nbsp;inspir\u00e9 des \u0153uvres. \u00c7a tourne sur soi, \u00e7a joue de la parole aussi parfois, l\u2019image est floue se focalise.Et je veux sauver le monde. L\u2019art peut-il sauver le monde\u2009?&nbsp; Un astronaute avec un drapeau blanc. Va-t-il convaincre\u2009? Partir\u2009? Retourner\u2009? Est-il en orbite\u2009?&nbsp; Je\u2026 pouvons-nous s\u2019extraire ensemble, ou pas, un par un, &hellip; <\/p>\n<p class=\"link-more\"><a href=\"https:\/\/jeremieboudreault.com\/en\/vide\/\" class=\"more-link\">Continue reading<span class=\"screen-reader-text\"> \u00ab\u00a0Vide\u00a0\u00bb<\/span><\/a><\/p>","protected":false},"author":221232206,"featured_media":0,"parent":0,"menu_order":0,"comment_status":"closed","ping_status":"closed","template":"","meta":{"_crdt_document":"","advanced_seo_description":"","jetpack_seo_html_title":"","jetpack_seo_noindex":false,"footnotes":""},"class_list":["post-146","page","type-page","status-publish","hentry"],"jetpack_likes_enabled":true,"jetpack_sharing_enabled":true,"jetpack_shortlink":"https:\/\/wp.me\/PdYxsj-2m","amp_enabled":true,"_links":{"self":[{"href":"https:\/\/jeremieboudreault.com\/en\/wp-json\/wp\/v2\/pages\/146","targetHints":{"allow":["GET"]}}],"collection":[{"href":"https:\/\/jeremieboudreault.com\/en\/wp-json\/wp\/v2\/pages"}],"about":[{"href":"https:\/\/jeremieboudreault.com\/en\/wp-json\/wp\/v2\/types\/page"}],"author":[{"embeddable":true,"href":"https:\/\/jeremieboudreault.com\/en\/wp-json\/wp\/v2\/users\/221232206"}],"replies":[{"embeddable":true,"href":"https:\/\/jeremieboudreault.com\/en\/wp-json\/wp\/v2\/comments?post=146"}],"version-history":[{"count":31,"href":"https:\/\/jeremieboudreault.com\/en\/wp-json\/wp\/v2\/pages\/146\/revisions"}],"predecessor-version":[{"id":2428,"href":"https:\/\/jeremieboudreault.com\/en\/wp-json\/wp\/v2\/pages\/146\/revisions\/2428"}],"wp:attachment":[{"href":"https:\/\/jeremieboudreault.com\/en\/wp-json\/wp\/v2\/media?parent=146"}],"curies":[{"name":"wp","href":"https:\/\/api.w.org\/{rel}","templated":true}]}}