{"id":175,"date":"2022-05-22T07:50:16","date_gmt":"2022-05-22T11:50:16","guid":{"rendered":"https:\/\/jeremieboudreault.com\/?page_id=175"},"modified":"2023-07-25T11:54:09","modified_gmt":"2023-07-25T15:54:09","slug":"creations-sur-le-champ-land-art-mont-saint-hilaire","status":"publish","type":"page","link":"https:\/\/jeremieboudreault.com\/en\/creations-sur-le-champ-land-art-mont-saint-hilaire\/","title":{"rendered":"Cr\u00e9ations-sur-le-champ Land art Mont-Saint-Hilaire"},"content":{"rendered":"<div class=\"wp-block-image\">\n<figure class=\"aligncenter size-large\"><img data-recalc-dims=\"1\" loading=\"lazy\" decoding=\"async\" width=\"388\" height=\"217\" data-attachment-id=\"330\" data-permalink=\"https:\/\/jeremieboudreault.com\/en\/logo_landart\/\" data-orig-file=\"https:\/\/i0.wp.com\/jeremieboudreault.com\/wp-content\/uploads\/2022\/05\/logo_landart.png?fit=388%2C217&amp;ssl=1\" data-orig-size=\"388,217\" data-comments-opened=\"0\" data-image-meta=\"{&quot;aperture&quot;:&quot;0&quot;,&quot;credit&quot;:&quot;&quot;,&quot;camera&quot;:&quot;&quot;,&quot;caption&quot;:&quot;&quot;,&quot;created_timestamp&quot;:&quot;0&quot;,&quot;copyright&quot;:&quot;&quot;,&quot;focal_length&quot;:&quot;0&quot;,&quot;iso&quot;:&quot;0&quot;,&quot;shutter_speed&quot;:&quot;0&quot;,&quot;title&quot;:&quot;&quot;,&quot;orientation&quot;:&quot;0&quot;}\" data-image-title=\"Logo_Landart\" data-image-description=\"\" data-image-caption=\"\" data-medium-file=\"https:\/\/i0.wp.com\/jeremieboudreault.com\/wp-content\/uploads\/2022\/05\/logo_landart.png?fit=300%2C168&amp;ssl=1\" data-large-file=\"https:\/\/i0.wp.com\/jeremieboudreault.com\/wp-content\/uploads\/2022\/05\/logo_landart.png?fit=388%2C217&amp;ssl=1\" src=\"https:\/\/i0.wp.com\/jeremieboudreault.com\/wp-content\/uploads\/2022\/05\/logo_landart.png?resize=388%2C217&#038;ssl=1\" alt=\"\" class=\"wp-image-330\"\/><\/figure>\n<\/div>\n\n\n<p>The City of Mont-Saint-Hilaire has been presenting the event since 2007&nbsp;<em>Cr\u00e9ations-sur-le-champ Land art Mont-Saint-Hilaire<\/em>&nbsp;et accueille chaque ann\u00e9e des milliers de visiteurs\u2009! Une id\u00e9e audacieuse n\u00e9e d&rsquo;une collaboration entre la directrice artistique hilairemontaise madame J\u00e9r\u00e9mie Boudreault et le Service du loisir, de la culture et des communications de la Ville de Mont-Saint-Hilaire.<\/p>\n\n\n\n<p class=\"translation-block\">Cr\u00e9ations-sur-le-champ Land art Mont-Saint-Hilaire has become an essential cultural event that has taken root in this land of ours. This event is in the spirit of Land art which is to create from natural elements found on site and develops by allowing the nuance and complexity of the projects proposed by the guest artists to confront each other. Daring, innovating, thinking outside the box, creating from nature, these are on-the-spot creations. For the public, it is an opportunity to easily access art while taking a walk in the fall colors.<\/p>\n\n\n\n<p>Les artistes invit\u00e9s rel\u00e8vent avec brio ce d\u00e9fi lanc\u00e9 par la Ville, soit de cr\u00e9er une \u0153uvre d&rsquo;art dans un d\u00e9lai de cinq jours. Inspir\u00e9s par le tableau magnifique form\u00e9 des couleurs automnales du mont Saint-Hilaire, les artistes s&rsquo;impr\u00e8gnent de leur d\u00e9marche cr\u00e9atrice et la partage en direct avec le public venu admirer leur talent\u2009!<\/p>\n\n\n\n<div class=\"wp-block-jetpack-slideshow alignfull\" data-autoplay=\"true\" data-delay=\"3\" data-effect=\"fade\"><div class=\"wp-block-jetpack-slideshow_container swiper-container\"><ul class=\"wp-block-jetpack-slideshow_swiper-wrapper swiper-wrapper\"><li class=\"wp-block-jetpack-slideshow_slide swiper-slide\"><figure><img data-recalc-dims=\"1\" loading=\"lazy\" decoding=\"async\" width=\"525\" height=\"315\" alt=\"\" class=\"wp-block-jetpack-slideshow_image wp-image-239\" data-id=\"239\" src=\"https:\/\/i0.wp.com\/jeremieboudreault.com\/wp-content\/uploads\/2022\/05\/g_bissonnette.png?resize=525%2C315&#038;ssl=1\"\/><figcaption class=\"wp-block-jetpack-slideshow_caption gallery-caption\">Glyphosate, Gilles Bissonet<\/figcaption><\/figure><\/li><li class=\"wp-block-jetpack-slideshow_slide swiper-slide\"><figure><img data-recalc-dims=\"1\" loading=\"lazy\" decoding=\"async\" width=\"525\" height=\"315\" alt=\"\" class=\"wp-block-jetpack-slideshow_image wp-image-238\" data-id=\"238\" src=\"https:\/\/i0.wp.com\/jeremieboudreault.com\/wp-content\/uploads\/2022\/05\/e_rondeau.png?resize=525%2C315&#038;ssl=1\"\/><figcaption class=\"wp-block-jetpack-slideshow_caption gallery-caption\">Points de suspension, Emilie Rondeau<\/figcaption><\/figure><\/li><li class=\"wp-block-jetpack-slideshow_slide swiper-slide\"><figure><img data-recalc-dims=\"1\" loading=\"lazy\" decoding=\"async\" width=\"525\" height=\"315\" alt=\"\" class=\"wp-block-jetpack-slideshow_image wp-image-237\" data-id=\"237\" src=\"https:\/\/i0.wp.com\/jeremieboudreault.com\/wp-content\/uploads\/2022\/05\/a_mondor.png?resize=525%2C315&#038;ssl=1\"\/><figcaption class=\"wp-block-jetpack-slideshow_caption gallery-caption\"> Les jardins de nos r\u00eaves, Sonia Mondor, Pierre S\u00e9guin et Albert Mondor<\/figcaption><\/figure><\/li><li class=\"wp-block-jetpack-slideshow_slide swiper-slide\"><figure><img data-recalc-dims=\"1\" loading=\"lazy\" decoding=\"async\" width=\"525\" height=\"315\" alt=\"\" class=\"wp-block-jetpack-slideshow_image wp-image-240\" data-id=\"240\" src=\"https:\/\/i0.wp.com\/jeremieboudreault.com\/wp-content\/uploads\/2022\/05\/l_bonet.png?resize=525%2C315&#038;ssl=1\"\/><\/figure><\/li><\/ul><a class=\"wp-block-jetpack-slideshow_button-prev swiper-button-prev swiper-button-white\" role=\"button\"><\/a><a class=\"wp-block-jetpack-slideshow_button-next swiper-button-next swiper-button-white\" role=\"button\"><\/a><a aria-label=\"Pause Slideshow\" class=\"wp-block-jetpack-slideshow_button-pause\" role=\"button\"><\/a><div class=\"wp-block-jetpack-slideshow_pagination swiper-pagination swiper-pagination-white\"><\/div><\/div><\/div>\n\n\n\n<figure class=\"wp-block-video wp-block-embed is-type-video is-provider-videopress\"><div class=\"wp-block-embed__wrapper\">\n<iframe title=\"VideoPress Video Player\" aria-label='VideoPress Video Player' width='525' height='295' src='https:\/\/videopress.com\/embed\/cYplufzy?cover=1&amp;preloadContent=metadata&amp;useAverageColor=1&amp;hd=0' frameborder='0' allowfullscreen data-resize-to-parent=\"true\" allow='clipboard-write'><\/iframe><script src='https:\/\/v0.wordpress.com\/js\/next\/videopress-iframe.js?m=1674852142'><\/script>\n<\/div><\/figure>\n\n\n\n<hr class=\"wp-block-separator has-alpha-channel-opacity\"\/>\n\n\n\n<h2 class=\"wp-block-heading\">Message from the Artistic Director<\/h2>\n\n\n\n<p>Tout \u00e0 coup en pleine nature quelque chose s\u2019organise diff\u00e9remment, il y a une mise en sc\u00e8ne, des branches dessinent une femme, une pomme g\u00e9ante renferme un arbre, des pommes bleues sont suspendus \u00e0 un arbre, des gourmands de pommiers et des pommes forment des pyramides, le gazon pousse et s\u2019empare de la pin\u00e8de, des pommes flottent comme des bulles de champagne, les feuilles d\u2019un livre deviennent des voiles, nous sommes dans le processus de cr\u00e9ation.&nbsp;<\/p>\n\n\n\n<p>Les artistes professionnels participants acceptent le jeu de cr\u00e9er en direct, ils sont peintres, cin\u00e9astes, sculpteurs, gens de th\u00e9\u00e2tre, land artistes, surprenants et d\u00e9sarmants, ils se d\u00e9fient eux-m\u00eames et nous enchantent.<\/p>\n\n\n<div class=\"wp-block-image\">\n<figure class=\"alignleft size-large\"><img data-recalc-dims=\"1\" loading=\"lazy\" decoding=\"async\" width=\"150\" height=\"225\" data-attachment-id=\"178\" data-permalink=\"https:\/\/jeremieboudreault.com\/en\/j_boudreault\/\" data-orig-file=\"https:\/\/i0.wp.com\/jeremieboudreault.com\/wp-content\/uploads\/2022\/05\/j_boudreault.jpg?fit=150%2C225&amp;ssl=1\" data-orig-size=\"150,225\" data-comments-opened=\"0\" data-image-meta=\"{&quot;aperture&quot;:&quot;0&quot;,&quot;credit&quot;:&quot;&quot;,&quot;camera&quot;:&quot;&quot;,&quot;caption&quot;:&quot;&quot;,&quot;created_timestamp&quot;:&quot;0&quot;,&quot;copyright&quot;:&quot;Copyright 2017&quot;,&quot;focal_length&quot;:&quot;0&quot;,&quot;iso&quot;:&quot;0&quot;,&quot;shutter_speed&quot;:&quot;0&quot;,&quot;title&quot;:&quot;&quot;,&quot;orientation&quot;:&quot;0&quot;}\" data-image-title=\"J_Boudreault\" data-image-description=\"\" data-image-caption=\"\" data-medium-file=\"https:\/\/i0.wp.com\/jeremieboudreault.com\/wp-content\/uploads\/2022\/05\/j_boudreault.jpg?fit=150%2C225&amp;ssl=1\" data-large-file=\"https:\/\/i0.wp.com\/jeremieboudreault.com\/wp-content\/uploads\/2022\/05\/j_boudreault.jpg?fit=150%2C225&amp;ssl=1\" src=\"https:\/\/i0.wp.com\/jeremieboudreault.com\/wp-content\/uploads\/2022\/05\/j_boudreault.jpg?resize=150%2C225&#038;ssl=1\" alt=\"\" class=\"wp-image-178\"\/><figcaption class=\"wp-element-caption\">J\u00e9r\u00e9mie Boudreault<\/figcaption><\/figure>\n<\/div>\n\n\n<p><\/p>\n\n\n\n<p><\/p>\n\n\n\n<p><\/p>\n\n\n\n<p><\/p>\n\n\n\n<p><\/p>\n\n\n\n<p><\/p>\n\n\n\n<p>Acc\u00e9dez au site <a href=\"https:\/\/www.landart-creations-sur-le-champ.ca\/intro_ang.html\">landart-creations-sur-le-champ.ca<\/a><\/p>","protected":false},"excerpt":{"rendered":"<p>La Ville de Mont-Saint-Hilaire pr\u00e9sente depuis 2007 l&rsquo;\u00e9v\u00e9nement&nbsp;Cr\u00e9ations-sur-le-champ Land art Mont-Saint-Hilaire&nbsp;et accueille chaque ann\u00e9e des milliers de visiteurs\u2009! Une id\u00e9e audacieuse n\u00e9e d&rsquo;une collaboration entre la directrice artistique hilairemontaise madame J\u00e9r\u00e9mie Boudreault et le Service du loisir, de la culture et des communications de la Ville de Mont-Saint-Hilaire. Cr\u00e9ations-sur-le-champ Land art Mont-Saint-Hilaire&nbsp;est devenu une manifestation &hellip; <\/p>\n<p class=\"link-more\"><a href=\"https:\/\/jeremieboudreault.com\/en\/creations-sur-le-champ-land-art-mont-saint-hilaire\/\" class=\"more-link\">Continue reading<span class=\"screen-reader-text\"> \u00ab\u00a0Cr\u00e9ations-sur-le-champ Land art Mont-Saint-Hilaire\u00a0\u00bb<\/span><\/a><\/p>","protected":false},"author":221232206,"featured_media":0,"parent":0,"menu_order":0,"comment_status":"closed","ping_status":"closed","template":"","meta":{"advanced_seo_description":"","jetpack_seo_html_title":"","jetpack_seo_noindex":false,"jetpack_post_was_ever_published":false,"footnotes":""},"class_list":["post-175","page","type-page","status-publish","hentry"],"jetpack_likes_enabled":true,"jetpack_sharing_enabled":true,"jetpack_shortlink":"https:\/\/wp.me\/PdYxsj-2P","amp_enabled":true,"_links":{"self":[{"href":"https:\/\/jeremieboudreault.com\/en\/wp-json\/wp\/v2\/pages\/175","targetHints":{"allow":["GET"]}}],"collection":[{"href":"https:\/\/jeremieboudreault.com\/en\/wp-json\/wp\/v2\/pages"}],"about":[{"href":"https:\/\/jeremieboudreault.com\/en\/wp-json\/wp\/v2\/types\/page"}],"author":[{"embeddable":true,"href":"https:\/\/jeremieboudreault.com\/en\/wp-json\/wp\/v2\/users\/221232206"}],"replies":[{"embeddable":true,"href":"https:\/\/jeremieboudreault.com\/en\/wp-json\/wp\/v2\/comments?post=175"}],"version-history":[{"count":24,"href":"https:\/\/jeremieboudreault.com\/en\/wp-json\/wp\/v2\/pages\/175\/revisions"}],"predecessor-version":[{"id":1160,"href":"https:\/\/jeremieboudreault.com\/en\/wp-json\/wp\/v2\/pages\/175\/revisions\/1160"}],"wp:attachment":[{"href":"https:\/\/jeremieboudreault.com\/en\/wp-json\/wp\/v2\/media?parent=175"}],"curies":[{"name":"wp","href":"https:\/\/api.w.org\/{rel}","templated":true}]}}