{"id":186,"date":"2022-05-22T08:00:07","date_gmt":"2022-05-22T12:00:07","guid":{"rendered":"https:\/\/jeremieboudreault.com\/?page_id=186"},"modified":"2023-07-25T11:50:46","modified_gmt":"2023-07-25T15:50:46","slug":"livraison-chaos","status":"publish","type":"page","link":"https:\/\/jeremieboudreault.com\/en\/livraison-chaos\/","title":{"rendered":"Livraison Chaos"},"content":{"rendered":"<h2 class=\"wp-block-heading\">\u00c9v\u00e9nement r\u00e9unissant 32 artistes qui ont cr\u00e9e une oeuvre dans une bo\u00eete de pizza qui leur a \u00e9t\u00e9 livr\u00e9e. Arts Station, mai 2017<\/h2>\n\n\n\n<p><\/p>\n\n\n\n<figure class=\"wp-block-image size-large\"><img data-recalc-dims=\"1\" loading=\"lazy\" decoding=\"async\" width=\"525\" height=\"722\" data-attachment-id=\"478\" data-permalink=\"https:\/\/jeremieboudreault.com\/en\/livraison-chaos\/livraison_chaos_1\/\" data-orig-file=\"https:\/\/i0.wp.com\/jeremieboudreault.com\/wp-content\/uploads\/2022\/05\/livraison_chaos_1.png?fit=800%2C1100&amp;ssl=1\" data-orig-size=\"800,1100\" data-comments-opened=\"0\" data-image-meta=\"{&quot;aperture&quot;:&quot;0&quot;,&quot;credit&quot;:&quot;&quot;,&quot;camera&quot;:&quot;&quot;,&quot;caption&quot;:&quot;&quot;,&quot;created_timestamp&quot;:&quot;0&quot;,&quot;copyright&quot;:&quot;&quot;,&quot;focal_length&quot;:&quot;0&quot;,&quot;iso&quot;:&quot;0&quot;,&quot;shutter_speed&quot;:&quot;0&quot;,&quot;title&quot;:&quot;&quot;,&quot;orientation&quot;:&quot;0&quot;}\" data-image-title=\"livraison_chaos_1\" data-image-description=\"\" data-image-caption=\"\" data-medium-file=\"https:\/\/i0.wp.com\/jeremieboudreault.com\/wp-content\/uploads\/2022\/05\/livraison_chaos_1.png?fit=218%2C300&amp;ssl=1\" data-large-file=\"https:\/\/i0.wp.com\/jeremieboudreault.com\/wp-content\/uploads\/2022\/05\/livraison_chaos_1.png?fit=525%2C722&amp;ssl=1\" src=\"https:\/\/i0.wp.com\/jeremieboudreault.com\/wp-content\/uploads\/2022\/05\/livraison_chaos_1.png?resize=525%2C722&#038;ssl=1\" alt=\"\" class=\"wp-image-478\"\/><\/figure>\n\n\n\n<figure class=\"wp-block-image size-large\"><img data-recalc-dims=\"1\" loading=\"lazy\" decoding=\"async\" width=\"525\" height=\"722\" data-attachment-id=\"479\" data-permalink=\"https:\/\/jeremieboudreault.com\/en\/livraison-chaos\/livraison_chaos_2\/\" data-orig-file=\"https:\/\/i0.wp.com\/jeremieboudreault.com\/wp-content\/uploads\/2022\/05\/livraison_chaos_2.png?fit=800%2C1100&amp;ssl=1\" data-orig-size=\"800,1100\" data-comments-opened=\"0\" data-image-meta=\"{&quot;aperture&quot;:&quot;0&quot;,&quot;credit&quot;:&quot;&quot;,&quot;camera&quot;:&quot;&quot;,&quot;caption&quot;:&quot;&quot;,&quot;created_timestamp&quot;:&quot;0&quot;,&quot;copyright&quot;:&quot;&quot;,&quot;focal_length&quot;:&quot;0&quot;,&quot;iso&quot;:&quot;0&quot;,&quot;shutter_speed&quot;:&quot;0&quot;,&quot;title&quot;:&quot;&quot;,&quot;orientation&quot;:&quot;0&quot;}\" data-image-title=\"livraison_chaos_2\" data-image-description=\"\" data-image-caption=\"\" data-medium-file=\"https:\/\/i0.wp.com\/jeremieboudreault.com\/wp-content\/uploads\/2022\/05\/livraison_chaos_2.png?fit=218%2C300&amp;ssl=1\" data-large-file=\"https:\/\/i0.wp.com\/jeremieboudreault.com\/wp-content\/uploads\/2022\/05\/livraison_chaos_2.png?fit=525%2C722&amp;ssl=1\" src=\"https:\/\/i0.wp.com\/jeremieboudreault.com\/wp-content\/uploads\/2022\/05\/livraison_chaos_2.png?resize=525%2C722&#038;ssl=1\" alt=\"\" class=\"wp-image-479\"\/><\/figure>\n\n\n\n<figure class=\"wp-block-video wp-block-embed is-type-video is-provider-videopress\"><div class=\"wp-block-embed__wrapper\">\n<iframe title=\"VideoPress Video Player\" aria-label='VideoPress Video Player' width='525' height='285' src='https:\/\/videopress.com\/embed\/VPmjfijW?cover=1&amp;preloadContent=metadata&amp;useAverageColor=1&amp;hd=0' frameborder='0' allowfullscreen data-resize-to-parent=\"true\" allow='clipboard-write'><\/iframe><script src='https:\/\/v0.wordpress.com\/js\/next\/videopress-iframe.js?m=1674852142'><\/script>\n<\/div><\/figure>","protected":false},"excerpt":{"rendered":"<p>\u00c9v\u00e9nement r\u00e9unissant 32 artistes qui ont cr\u00e9e une oeuvre dans une bo\u00eete de pizza qui leur a \u00e9t\u00e9 livr\u00e9e. Arts Station, mai 2017<\/p>","protected":false},"author":221232206,"featured_media":0,"parent":0,"menu_order":0,"comment_status":"closed","ping_status":"closed","template":"","meta":{"advanced_seo_description":"","jetpack_seo_html_title":"","jetpack_seo_noindex":false,"jetpack_post_was_ever_published":false,"footnotes":""},"class_list":["post-186","page","type-page","status-publish","hentry"],"jetpack_likes_enabled":true,"jetpack_sharing_enabled":true,"jetpack_shortlink":"https:\/\/wp.me\/PdYxsj-30","amp_enabled":true,"_links":{"self":[{"href":"https:\/\/jeremieboudreault.com\/en\/wp-json\/wp\/v2\/pages\/186","targetHints":{"allow":["GET"]}}],"collection":[{"href":"https:\/\/jeremieboudreault.com\/en\/wp-json\/wp\/v2\/pages"}],"about":[{"href":"https:\/\/jeremieboudreault.com\/en\/wp-json\/wp\/v2\/types\/page"}],"author":[{"embeddable":true,"href":"https:\/\/jeremieboudreault.com\/en\/wp-json\/wp\/v2\/users\/221232206"}],"replies":[{"embeddable":true,"href":"https:\/\/jeremieboudreault.com\/en\/wp-json\/wp\/v2\/comments?post=186"}],"version-history":[{"count":9,"href":"https:\/\/jeremieboudreault.com\/en\/wp-json\/wp\/v2\/pages\/186\/revisions"}],"predecessor-version":[{"id":1158,"href":"https:\/\/jeremieboudreault.com\/en\/wp-json\/wp\/v2\/pages\/186\/revisions\/1158"}],"wp:attachment":[{"href":"https:\/\/jeremieboudreault.com\/en\/wp-json\/wp\/v2\/media?parent=186"}],"curies":[{"name":"wp","href":"https:\/\/api.w.org\/{rel}","templated":true}]}}