{"id":189,"date":"2022-05-22T08:01:35","date_gmt":"2022-05-22T12:01:35","guid":{"rendered":"https:\/\/jeremieboudreault.com\/?page_id=189"},"modified":"2023-07-25T11:56:27","modified_gmt":"2023-07-25T15:56:27","slug":"week-end-mouton-noir","status":"publish","type":"page","link":"https:\/\/jeremieboudreault.com\/en\/week-end-mouton-noir\/","title":{"rendered":"Week-end Mouton Noir"},"content":{"rendered":"<h2 class=\"wp-block-heading translation-block\">Week-end Mouton noir: a festive, gastronomic and artistic rendezvous, in the heart of summer in a garden located on the site of Mouton Village in the Vall\u00e9e-du-Richelieu<\/h2>\n\n\n\n<p><\/p>\n\n\n\n<figure class=\"wp-block-video wp-block-embed is-type-video is-provider-videopress\"><div class=\"wp-block-embed__wrapper\">\n<iframe title=\"VideoPress Video Player\" aria-label='VideoPress Video Player' width='525' height='295' src='https:\/\/videopress.com\/embed\/Vku5Td4u?cover=1&amp;preloadContent=metadata&amp;useAverageColor=1&amp;hd=0' frameborder='0' allowfullscreen data-resize-to-parent=\"true\" allow='clipboard-write'><\/iframe><script src='https:\/\/v0.wordpress.com\/js\/next\/videopress-iframe.js?m=1674852142'><\/script>\n<\/div><\/figure>\n\n\n\n<p><\/p>\n\n\n\n<p><strong><em>Week- end Mouton noir&nbsp;: <\/em><\/strong>une invitation \u00e0 prendre la cl\u00e9 des champs pour :<\/p>\n\n\n\n<ul class=\"wp-block-list\">\n<li>go\u00fbter l&rsquo;art culinaire \u00e0 travers un march\u00e9 hors de l&rsquo;ordinaire<\/li>\n\n\n\n<li>d\u00e9couvrir de nouvelles fa\u00e7ons de cultiver con\u00e7ues par des architectes paysagistes visionnaires<\/li>\n\n\n\n<li>d\u00e9ambuler \u00e0 travers des jardins d&rsquo;avant-garde en vous laissant surprendre par des \u0153uvres issues du recyclage<\/li>\n\n\n\n<li>d\u00e9guster de nouvelles saveurs concoct\u00e9es par de jeunes cuisiniers(\u00e8res) novateurs \u00e0 la table des chefs, en \u00e9coutant un quartet de musiciens, les pieds dans l&rsquo;herbe, face au mont-Saint-Hilaire<\/li>\n<\/ul>\n\n\n\n<figure class=\"wp-block-image alignfull size-full\"><img data-recalc-dims=\"1\" loading=\"lazy\" decoding=\"async\" width=\"525\" height=\"94\" data-attachment-id=\"595\" data-permalink=\"https:\/\/jeremieboudreault.com\/en\/weekend\/\" data-orig-file=\"https:\/\/i0.wp.com\/jeremieboudreault.com\/wp-content\/uploads\/2022\/06\/weekend.png?fit=1116%2C200&amp;ssl=1\" data-orig-size=\"1116,200\" data-comments-opened=\"0\" data-image-meta=\"{&quot;aperture&quot;:&quot;0&quot;,&quot;credit&quot;:&quot;&quot;,&quot;camera&quot;:&quot;&quot;,&quot;caption&quot;:&quot;&quot;,&quot;created_timestamp&quot;:&quot;0&quot;,&quot;copyright&quot;:&quot;&quot;,&quot;focal_length&quot;:&quot;0&quot;,&quot;iso&quot;:&quot;0&quot;,&quot;shutter_speed&quot;:&quot;0&quot;,&quot;title&quot;:&quot;&quot;,&quot;orientation&quot;:&quot;0&quot;}\" data-image-title=\"Weekend\" data-image-description=\"\" data-image-caption=\"\" data-medium-file=\"https:\/\/i0.wp.com\/jeremieboudreault.com\/wp-content\/uploads\/2022\/06\/weekend.png?fit=300%2C54&amp;ssl=1\" data-large-file=\"https:\/\/i0.wp.com\/jeremieboudreault.com\/wp-content\/uploads\/2022\/06\/weekend.png?fit=525%2C94&amp;ssl=1\" src=\"https:\/\/i0.wp.com\/jeremieboudreault.com\/wp-content\/uploads\/2022\/06\/weekend.png?resize=525%2C94&#038;ssl=1\" alt=\"\" class=\"wp-image-595\"\/><\/figure>\n\n\n\n<p><em><strong>Week- end Mouton noir :<\/strong><\/em> une escapade en milieu rural au c\u0153ur de l&rsquo;\u00e9t\u00e9 pour se sentir ailleurs et r\u00eaver \u00e9veill\u00e9.<\/p>\n\n\n\n<p>Eut lieu le samedi 2 et dimanche 3 ao\u00fbt 2014 \u00e0 Mouton Village dans la Vall\u00e9e du Richelieu<\/p>\n\n\n\n<p><\/p>\n\n\n\n<div class=\"wp-block-jetpack-slideshow alignfull\" data-autoplay=\"true\" data-delay=\"2\" data-effect=\"fade\"><div class=\"wp-block-jetpack-slideshow_container swiper-container\"><ul class=\"wp-block-jetpack-slideshow_swiper-wrapper swiper-wrapper\"><li class=\"wp-block-jetpack-slideshow_slide swiper-slide\"><figure><img data-recalc-dims=\"1\" loading=\"lazy\" decoding=\"async\" width=\"525\" height=\"315\" alt=\"\" class=\"wp-block-jetpack-slideshow_image wp-image-540\" data-id=\"540\" src=\"https:\/\/i0.wp.com\/jeremieboudreault.com\/wp-content\/uploads\/2022\/06\/weekend_3.png?resize=525%2C315&#038;ssl=1\"\/><\/figure><\/li><li class=\"wp-block-jetpack-slideshow_slide swiper-slide\"><figure><img data-recalc-dims=\"1\" loading=\"lazy\" decoding=\"async\" width=\"525\" height=\"315\" alt=\"\" class=\"wp-block-jetpack-slideshow_image wp-image-539\" data-id=\"539\" src=\"https:\/\/i0.wp.com\/jeremieboudreault.com\/wp-content\/uploads\/2022\/06\/weekend_2.png?resize=525%2C315&#038;ssl=1\"\/><\/figure><\/li><li class=\"wp-block-jetpack-slideshow_slide swiper-slide\"><figure><img data-recalc-dims=\"1\" loading=\"lazy\" decoding=\"async\" width=\"525\" height=\"315\" alt=\"\" class=\"wp-block-jetpack-slideshow_image wp-image-538\" data-id=\"538\" src=\"https:\/\/i0.wp.com\/jeremieboudreault.com\/wp-content\/uploads\/2022\/06\/weekend_1.png?resize=525%2C315&#038;ssl=1\"\/><\/figure><\/li><li class=\"wp-block-jetpack-slideshow_slide swiper-slide\"><figure><img data-recalc-dims=\"1\" loading=\"lazy\" decoding=\"async\" width=\"525\" height=\"315\" alt=\"\" class=\"wp-block-jetpack-slideshow_image wp-image-593\" data-id=\"593\" src=\"https:\/\/i0.wp.com\/jeremieboudreault.com\/wp-content\/uploads\/2022\/06\/week-end-mouton-noir-juin-2013-1.png?resize=525%2C315&#038;ssl=1\"\/><\/figure><\/li><\/ul><a class=\"wp-block-jetpack-slideshow_button-prev swiper-button-prev swiper-button-white\" role=\"button\"><\/a><a class=\"wp-block-jetpack-slideshow_button-next swiper-button-next swiper-button-white\" role=\"button\"><\/a><a aria-label=\"Pause Slideshow\" class=\"wp-block-jetpack-slideshow_button-pause\" role=\"button\"><\/a><div class=\"wp-block-jetpack-slideshow_pagination swiper-pagination swiper-pagination-white\"><\/div><\/div><\/div>","protected":false},"excerpt":{"rendered":"<p>Week-end Mouton noir : un rendez-vous festif, gastronomique et artistique, au coeur de l&rsquo;\u00e9t\u00e9 dans un jardin situ\u00e9 sur le site de Mouton Village dans la Vall\u00e9e-du-Richelieu. Week- end Mouton noir&nbsp;: une invitation \u00e0 prendre la cl\u00e9 des champs pour : Week- end Mouton noir : une escapade en milieu rural au c\u0153ur de l&rsquo;\u00e9t\u00e9 &hellip; <\/p>\n<p class=\"link-more\"><a href=\"https:\/\/jeremieboudreault.com\/en\/week-end-mouton-noir\/\" class=\"more-link\">Continue reading<span class=\"screen-reader-text\"> \u00ab\u00a0Week-end Mouton Noir\u00a0\u00bb<\/span><\/a><\/p>","protected":false},"author":221232206,"featured_media":0,"parent":0,"menu_order":0,"comment_status":"closed","ping_status":"closed","template":"","meta":{"advanced_seo_description":"","jetpack_seo_html_title":"","jetpack_seo_noindex":false,"jetpack_post_was_ever_published":false,"footnotes":""},"class_list":["post-189","page","type-page","status-publish","hentry"],"jetpack_likes_enabled":true,"jetpack_sharing_enabled":true,"jetpack_shortlink":"https:\/\/wp.me\/PdYxsj-33","amp_enabled":true,"_links":{"self":[{"href":"https:\/\/jeremieboudreault.com\/en\/wp-json\/wp\/v2\/pages\/189","targetHints":{"allow":["GET"]}}],"collection":[{"href":"https:\/\/jeremieboudreault.com\/en\/wp-json\/wp\/v2\/pages"}],"about":[{"href":"https:\/\/jeremieboudreault.com\/en\/wp-json\/wp\/v2\/types\/page"}],"author":[{"embeddable":true,"href":"https:\/\/jeremieboudreault.com\/en\/wp-json\/wp\/v2\/users\/221232206"}],"replies":[{"embeddable":true,"href":"https:\/\/jeremieboudreault.com\/en\/wp-json\/wp\/v2\/comments?post=189"}],"version-history":[{"count":10,"href":"https:\/\/jeremieboudreault.com\/en\/wp-json\/wp\/v2\/pages\/189\/revisions"}],"predecessor-version":[{"id":1161,"href":"https:\/\/jeremieboudreault.com\/en\/wp-json\/wp\/v2\/pages\/189\/revisions\/1161"}],"wp:attachment":[{"href":"https:\/\/jeremieboudreault.com\/en\/wp-json\/wp\/v2\/media?parent=189"}],"curies":[{"name":"wp","href":"https:\/\/api.w.org\/{rel}","templated":true}]}}