{"id":195,"date":"2022-05-22T08:06:38","date_gmt":"2022-05-22T12:06:38","guid":{"rendered":"https:\/\/jeremieboudreault.com\/?page_id=195"},"modified":"2022-06-05T14:32:37","modified_gmt":"2022-06-05T18:32:37","slug":"les-roses-de-m-bloom","status":"publish","type":"page","link":"https:\/\/jeremieboudreault.com\/en\/les-roses-de-m-bloom\/","title":{"rendered":"Les roses de M. Bloom"},"content":{"rendered":"<h2 class=\"wp-block-heading\">Court-m\u00e9trage inspir\u00e9 du conte <em>La Barbe Bleue<\/em> by Charles Perreault, 2010<\/h2>\n\n\n\n<p class=\"wp-block-paragraph\">Sc\u00e9nariste et productrice<\/p>\n\n\n\n<figure class=\"wp-block-video wp-block-embed is-type-video is-provider-videopress\"><div class=\"wp-block-embed__wrapper\">\n<iframe title=\"VideoPress Video Player\" aria-label='VideoPress Video Player' width='525' height='295' src='https:\/\/videopress.com\/embed\/h0SMas0E?cover=1&amp;posterUrl=https%3A%2F%2Fjeremieboudreault.wpcomstaging.com%2Fwp-content%2Fuploads%2F2022%2F05%2Fles_roses_m_bloom.jpg&amp;preloadContent=metadata&amp;useAverageColor=1&amp;hd=0' frameborder='0' allowfullscreen data-resize-to-parent=\"true\" allow='clipboard-write'><\/iframe><script src='https:\/\/v0.wordpress.com\/js\/next\/videopress-iframe.js?m=1674852142'><\/script>\n<\/div><\/figure>","protected":false},"excerpt":{"rendered":"<p>Court-m\u00e9trage inspir\u00e9 du conte La Barbe Bleue de Charles Perreault, 2010 Sc\u00e9nariste et productrice<\/p>","protected":false},"author":221232206,"featured_media":0,"parent":0,"menu_order":0,"comment_status":"closed","ping_status":"closed","template":"","meta":{"_crdt_document":"","advanced_seo_description":"","jetpack_seo_html_title":"","jetpack_seo_noindex":false,"footnotes":""},"class_list":["post-195","page","type-page","status-publish","hentry"],"jetpack_likes_enabled":true,"jetpack_sharing_enabled":true,"jetpack_shortlink":"https:\/\/wp.me\/PdYxsj-39","amp_enabled":true,"_links":{"self":[{"href":"https:\/\/jeremieboudreault.com\/en\/wp-json\/wp\/v2\/pages\/195","targetHints":{"allow":["GET"]}}],"collection":[{"href":"https:\/\/jeremieboudreault.com\/en\/wp-json\/wp\/v2\/pages"}],"about":[{"href":"https:\/\/jeremieboudreault.com\/en\/wp-json\/wp\/v2\/types\/page"}],"author":[{"embeddable":true,"href":"https:\/\/jeremieboudreault.com\/en\/wp-json\/wp\/v2\/users\/221232206"}],"replies":[{"embeddable":true,"href":"https:\/\/jeremieboudreault.com\/en\/wp-json\/wp\/v2\/comments?post=195"}],"version-history":[{"count":6,"href":"https:\/\/jeremieboudreault.com\/en\/wp-json\/wp\/v2\/pages\/195\/revisions"}],"predecessor-version":[{"id":658,"href":"https:\/\/jeremieboudreault.com\/en\/wp-json\/wp\/v2\/pages\/195\/revisions\/658"}],"wp:attachment":[{"href":"https:\/\/jeremieboudreault.com\/en\/wp-json\/wp\/v2\/media?parent=195"}],"curies":[{"name":"wp","href":"https:\/\/api.w.org\/{rel}","templated":true}]}}