{"id":199,"date":"2022-05-22T08:07:33","date_gmt":"2022-05-22T12:07:33","guid":{"rendered":"https:\/\/jeremieboudreault.com\/?page_id=199"},"modified":"2022-06-05T14:33:44","modified_gmt":"2022-06-05T18:33:44","slug":"alice-etoilee","status":"publish","type":"page","link":"https:\/\/jeremieboudreault.com\/en\/alice-etoilee\/","title":{"rendered":"Alice \u00e9toil\u00e9e"},"content":{"rendered":"<h2 class=\"wp-block-heading\">Court-m\u00e9trage inspir\u00e9 d\u2019<em>Alice's Adventures in Wonderland<\/em> by Lewis Carroll, 2008<\/h2>\n\n\n\n<p class=\"wp-block-paragraph\">Sc\u00e9nariste, r\u00e9alisatrice, interpr\u00e8te et productrice<\/p>\n\n\n\n<figure class=\"wp-block-video wp-block-embed is-type-video is-provider-videopress\"><div class=\"wp-block-embed__wrapper\">\n<iframe title=\"VideoPress Video Player\" aria-label='VideoPress Video Player' width='525' height='271' src='https:\/\/videopress.com\/embed\/VQzfT0s5?cover=1&amp;posterUrl=https%3A%2F%2Fjeremieboudreault.wpcomstaging.com%2Fwp-content%2Fuploads%2F2022%2F05%2Falice_etoilee.jpg&amp;preloadContent=metadata&amp;useAverageColor=1&amp;hd=0' frameborder='0' allowfullscreen data-resize-to-parent=\"true\" allow='clipboard-write'><\/iframe><script src='https:\/\/v0.wordpress.com\/js\/next\/videopress-iframe.js?m=1674852142'><\/script>\n<\/div><\/figure>","protected":false},"excerpt":{"rendered":"<p>Court-m\u00e9trage inspir\u00e9 d\u2019Alice au pays des merveilles de Lewis Carroll, 2008 Sc\u00e9nariste, r\u00e9alisatrice, interpr\u00e8te et productrice<\/p>","protected":false},"author":221232206,"featured_media":0,"parent":0,"menu_order":0,"comment_status":"closed","ping_status":"closed","template":"","meta":{"_crdt_document":"","advanced_seo_description":"","jetpack_seo_html_title":"","jetpack_seo_noindex":false,"footnotes":""},"class_list":["post-199","page","type-page","status-publish","hentry"],"jetpack_likes_enabled":true,"jetpack_sharing_enabled":true,"jetpack_shortlink":"https:\/\/wp.me\/PdYxsj-3d","amp_enabled":true,"_links":{"self":[{"href":"https:\/\/jeremieboudreault.com\/en\/wp-json\/wp\/v2\/pages\/199","targetHints":{"allow":["GET"]}}],"collection":[{"href":"https:\/\/jeremieboudreault.com\/en\/wp-json\/wp\/v2\/pages"}],"about":[{"href":"https:\/\/jeremieboudreault.com\/en\/wp-json\/wp\/v2\/types\/page"}],"author":[{"embeddable":true,"href":"https:\/\/jeremieboudreault.com\/en\/wp-json\/wp\/v2\/users\/221232206"}],"replies":[{"embeddable":true,"href":"https:\/\/jeremieboudreault.com\/en\/wp-json\/wp\/v2\/comments?post=199"}],"version-history":[{"count":5,"href":"https:\/\/jeremieboudreault.com\/en\/wp-json\/wp\/v2\/pages\/199\/revisions"}],"predecessor-version":[{"id":660,"href":"https:\/\/jeremieboudreault.com\/en\/wp-json\/wp\/v2\/pages\/199\/revisions\/660"}],"wp:attachment":[{"href":"https:\/\/jeremieboudreault.com\/en\/wp-json\/wp\/v2\/media?parent=199"}],"curies":[{"name":"wp","href":"https:\/\/api.w.org\/{rel}","templated":true}]}}