{"id":207,"date":"2022-05-22T08:10:23","date_gmt":"2022-05-22T12:10:23","guid":{"rendered":"https:\/\/jeremieboudreault.com\/?page_id=207"},"modified":"2022-06-05T14:35:13","modified_gmt":"2022-06-05T18:35:13","slug":"dapres-les-menines-de-velasquez","status":"publish","type":"page","link":"https:\/\/jeremieboudreault.com\/en\/dapres-les-menines-de-velasquez\/","title":{"rendered":"D&rsquo;apr\u00e8s les M\u00e9nines de V\u00e9lasquez"},"content":{"rendered":"<h2 class=\"wp-block-heading\">Cr\u00e9ation inspir\u00e9e du tableau de Diego V\u00e9lasquez. Arts Station, Mont-Saint-Hilaire, 2007<\/h2>\n\n\n\n<p>Com\u00e9dienne, auteure, conceptrice d\u00e9cor et costumes\u00a0<\/p>\n\n\n\n<figure class=\"wp-block-video wp-block-embed is-type-video is-provider-videopress\"><div class=\"wp-block-embed__wrapper\">\n<iframe title=\"VideoPress Video Player\" aria-label='VideoPress Video Player' width='525' height='295' src='https:\/\/videopress.com\/embed\/I02olDQ7?cover=1&amp;posterUrl=https%3A%2F%2Fjeremieboudreault.wpcomstaging.com%2Fwp-content%2Fuploads%2F2022%2F05%2Fmenines_de_velasquez.jpg&amp;preloadContent=metadata&amp;useAverageColor=1&amp;hd=0' frameborder='0' allowfullscreen data-resize-to-parent=\"true\" allow='clipboard-write'><\/iframe><script src='https:\/\/v0.wordpress.com\/js\/next\/videopress-iframe.js?m=1674852142'><\/script>\n<\/div><\/figure>","protected":false},"excerpt":{"rendered":"<p>Cr\u00e9ation inspir\u00e9e du tableau de Diego V\u00e9lasquez. Arts Station, Mont-Saint-Hilaire, 2007 Com\u00e9dienne, auteure, conceptrice d\u00e9cor et costumes\u00a0<\/p>","protected":false},"author":221232206,"featured_media":0,"parent":0,"menu_order":0,"comment_status":"closed","ping_status":"closed","template":"","meta":{"advanced_seo_description":"","jetpack_seo_html_title":"","jetpack_seo_noindex":false,"jetpack_post_was_ever_published":false,"footnotes":""},"class_list":["post-207","page","type-page","status-publish","hentry"],"jetpack_likes_enabled":true,"jetpack_sharing_enabled":true,"jetpack_shortlink":"https:\/\/wp.me\/PdYxsj-3l","amp_enabled":true,"_links":{"self":[{"href":"https:\/\/jeremieboudreault.com\/en\/wp-json\/wp\/v2\/pages\/207","targetHints":{"allow":["GET"]}}],"collection":[{"href":"https:\/\/jeremieboudreault.com\/en\/wp-json\/wp\/v2\/pages"}],"about":[{"href":"https:\/\/jeremieboudreault.com\/en\/wp-json\/wp\/v2\/types\/page"}],"author":[{"embeddable":true,"href":"https:\/\/jeremieboudreault.com\/en\/wp-json\/wp\/v2\/users\/221232206"}],"replies":[{"embeddable":true,"href":"https:\/\/jeremieboudreault.com\/en\/wp-json\/wp\/v2\/comments?post=207"}],"version-history":[{"count":6,"href":"https:\/\/jeremieboudreault.com\/en\/wp-json\/wp\/v2\/pages\/207\/revisions"}],"predecessor-version":[{"id":663,"href":"https:\/\/jeremieboudreault.com\/en\/wp-json\/wp\/v2\/pages\/207\/revisions\/663"}],"wp:attachment":[{"href":"https:\/\/jeremieboudreault.com\/en\/wp-json\/wp\/v2\/media?parent=207"}],"curies":[{"name":"wp","href":"https:\/\/api.w.org\/{rel}","templated":true}]}}