{"id":211,"date":"2022-05-22T08:11:06","date_gmt":"2022-05-22T12:11:06","guid":{"rendered":"https:\/\/jeremieboudreault.com\/?page_id=211"},"modified":"2022-06-05T14:34:13","modified_gmt":"2022-06-05T18:34:13","slug":"reve-a-quatre-pattes","status":"publish","type":"page","link":"https:\/\/jeremieboudreault.com\/en\/reve-a-quatre-pattes\/","title":{"rendered":"R\u00eave \u00e0 quatre pattes"},"content":{"rendered":"<h2 class=\"wp-block-heading\">Courte pi\u00e8ce inspir\u00e9e de l\u2019installation de Diane Boudreault&nbsp; Fugacitas au Th\u00e9\u00e2tre G\u00e9su, Arts Station, Mont-Saint-Hilaire, 2003<\/h2>\n\n\n\n<p class=\"wp-block-paragraph\">Com\u00e9dienne, auteure, conceptrice d\u00e9cor et costumes\u00a0<\/p>\n\n\n\n<figure class=\"wp-block-video wp-block-embed is-type-video is-provider-videopress\"><div class=\"wp-block-embed__wrapper\">\n<iframe title=\"VideoPress Video Player\" aria-label='VideoPress Video Player' width='525' height='295' src='https:\/\/videopress.com\/embed\/tGnZAp12?cover=1&amp;posterUrl=https%3A%2F%2Fjeremieboudreault.wpcomstaging.com%2Fwp-content%2Fuploads%2F2022%2F05%2Freve_4_pattes.jpg&amp;preloadContent=metadata&amp;useAverageColor=1&amp;hd=0' frameborder='0' allowfullscreen data-resize-to-parent=\"true\" allow='clipboard-write'><\/iframe><script src='https:\/\/v0.wordpress.com\/js\/next\/videopress-iframe.js?m=1674852142'><\/script>\n<\/div><\/figure>","protected":false},"excerpt":{"rendered":"<p>Courte pi\u00e8ce inspir\u00e9e de l\u2019installation de Diane Boudreault&nbsp; Fugacitas au Th\u00e9\u00e2tre G\u00e9su, Arts Station, Mont-Saint-Hilaire, 2003 Com\u00e9dienne, auteure, conceptrice d\u00e9cor et costumes\u00a0<\/p>","protected":false},"author":221232206,"featured_media":0,"parent":0,"menu_order":0,"comment_status":"closed","ping_status":"closed","template":"","meta":{"_crdt_document":"","advanced_seo_description":"","jetpack_seo_html_title":"","jetpack_seo_noindex":false,"footnotes":""},"class_list":["post-211","page","type-page","status-publish","hentry"],"jetpack_likes_enabled":true,"jetpack_sharing_enabled":true,"jetpack_shortlink":"https:\/\/wp.me\/PdYxsj-3p","amp_enabled":true,"_links":{"self":[{"href":"https:\/\/jeremieboudreault.com\/en\/wp-json\/wp\/v2\/pages\/211","targetHints":{"allow":["GET"]}}],"collection":[{"href":"https:\/\/jeremieboudreault.com\/en\/wp-json\/wp\/v2\/pages"}],"about":[{"href":"https:\/\/jeremieboudreault.com\/en\/wp-json\/wp\/v2\/types\/page"}],"author":[{"embeddable":true,"href":"https:\/\/jeremieboudreault.com\/en\/wp-json\/wp\/v2\/users\/221232206"}],"replies":[{"embeddable":true,"href":"https:\/\/jeremieboudreault.com\/en\/wp-json\/wp\/v2\/comments?post=211"}],"version-history":[{"count":4,"href":"https:\/\/jeremieboudreault.com\/en\/wp-json\/wp\/v2\/pages\/211\/revisions"}],"predecessor-version":[{"id":661,"href":"https:\/\/jeremieboudreault.com\/en\/wp-json\/wp\/v2\/pages\/211\/revisions\/661"}],"wp:attachment":[{"href":"https:\/\/jeremieboudreault.com\/en\/wp-json\/wp\/v2\/media?parent=211"}],"curies":[{"name":"wp","href":"https:\/\/api.w.org\/{rel}","templated":true}]}}