{"id":2227,"date":"2025-08-19T13:59:43","date_gmt":"2025-08-19T17:59:43","guid":{"rendered":"https:\/\/jeremieboudreault.com\/?page_id=2227"},"modified":"2025-08-19T17:34:29","modified_gmt":"2025-08-19T21:34:29","slug":"portrait-de-jeremie-boudreault","status":"publish","type":"page","link":"https:\/\/jeremieboudreault.com\/en\/portrait-de-jeremie-boudreault\/","title":{"rendered":"Portrait of J\u00e9r\u00e9mie Boudreault"},"content":{"rendered":"<figure class=\"wp-block-video wp-block-embed is-type-video is-provider-videopress\"><div class=\"wp-block-embed__wrapper\">\n<iframe title=\"VideoPress Video Player\" aria-label='VideoPress Video Player' width='525' height='295' src='https:\/\/videopress.com\/embed\/Oogflwwz?cover=1&amp;posterUrl=https%3A%2F%2Fjeremieboudreault.com%2Fwp-content%2Fuploads%2F2025%2F08%2FScreenshot-Portrait.png&amp;preloadContent=metadata&amp;useAverageColor=1&amp;hd=0' frameborder='0' allowfullscreen data-resize-to-parent=\"true\" allow='clipboard-write'><\/iframe><script src='https:\/\/v0.wordpress.com\/js\/next\/videopress-iframe.js?m=1739540970'><\/script>\n<\/div><figcaption>Realisation: Alain Lambert \u2013 Les Productions Saint<br>Production : J\u00e9r\u00e9mie Boudreault and Andr\u00e9 Boisvert<br>MMXXV<\/figcaption><\/figure>\n\n\n\n<hr class=\"wp-block-separator has-alpha-channel-opacity\"\/>","protected":false},"excerpt":{"rendered":"","protected":false},"author":221232206,"featured_media":0,"parent":0,"menu_order":0,"comment_status":"closed","ping_status":"closed","template":"","meta":{"_crdt_document":"","advanced_seo_description":"","jetpack_seo_html_title":"","jetpack_seo_noindex":false,"footnotes":""},"class_list":["post-2227","page","type-page","status-publish","hentry"],"jetpack_likes_enabled":true,"jetpack_sharing_enabled":true,"jetpack_shortlink":"https:\/\/wp.me\/PdYxsj-zV","amp_enabled":true,"_links":{"self":[{"href":"https:\/\/jeremieboudreault.com\/en\/wp-json\/wp\/v2\/pages\/2227","targetHints":{"allow":["GET"]}}],"collection":[{"href":"https:\/\/jeremieboudreault.com\/en\/wp-json\/wp\/v2\/pages"}],"about":[{"href":"https:\/\/jeremieboudreault.com\/en\/wp-json\/wp\/v2\/types\/page"}],"author":[{"embeddable":true,"href":"https:\/\/jeremieboudreault.com\/en\/wp-json\/wp\/v2\/users\/221232206"}],"replies":[{"embeddable":true,"href":"https:\/\/jeremieboudreault.com\/en\/wp-json\/wp\/v2\/comments?post=2227"}],"version-history":[{"count":4,"href":"https:\/\/jeremieboudreault.com\/en\/wp-json\/wp\/v2\/pages\/2227\/revisions"}],"predecessor-version":[{"id":2259,"href":"https:\/\/jeremieboudreault.com\/en\/wp-json\/wp\/v2\/pages\/2227\/revisions\/2259"}],"wp:attachment":[{"href":"https:\/\/jeremieboudreault.com\/en\/wp-json\/wp\/v2\/media?parent=2227"}],"curies":[{"name":"wp","href":"https:\/\/api.w.org\/{rel}","templated":true}]}}