{"id":53,"date":"2022-05-18T11:21:18","date_gmt":"2022-05-18T15:21:18","guid":{"rendered":"https:\/\/jeremieboudreault.com\/?page_id=53"},"modified":"2023-07-25T15:25:20","modified_gmt":"2023-07-25T19:25:20","slug":"contact","status":"publish","type":"page","link":"https:\/\/jeremieboudreault.com\/en\/contact\/","title":{"rendered":"Contact"},"content":{"rendered":"<div class=\"wp-block-columns alignwide is-layout-flex wp-container-core-columns-is-layout-afe65d44 wp-block-columns-is-layout-flex\">\n<div class=\"wp-block-column is-layout-flow wp-block-column-is-layout-flow\">\n<figure class=\"wp-block-image size-large\"><img data-recalc-dims=\"1\" loading=\"lazy\" decoding=\"async\" width=\"525\" height=\"574\" data-attachment-id=\"166\" data-permalink=\"https:\/\/jeremieboudreault.com\/en\/jeremie\/\" data-orig-file=\"https:\/\/i0.wp.com\/jeremieboudreault.com\/wp-content\/uploads\/2022\/05\/jeremie-2.png?fit=787%2C861&amp;ssl=1\" data-orig-size=\"787,861\" data-comments-opened=\"0\" data-image-meta=\"{&quot;aperture&quot;:&quot;0&quot;,&quot;credit&quot;:&quot;&quot;,&quot;camera&quot;:&quot;&quot;,&quot;caption&quot;:&quot;&quot;,&quot;created_timestamp&quot;:&quot;0&quot;,&quot;copyright&quot;:&quot;&quot;,&quot;focal_length&quot;:&quot;0&quot;,&quot;iso&quot;:&quot;0&quot;,&quot;shutter_speed&quot;:&quot;0&quot;,&quot;title&quot;:&quot;&quot;,&quot;orientation&quot;:&quot;0&quot;}\" data-image-title=\"jeremie\" data-image-description=\"\" data-image-caption=\"\" data-large-file=\"https:\/\/i0.wp.com\/jeremieboudreault.com\/wp-content\/uploads\/2022\/05\/jeremie-2.png?fit=525%2C574&amp;ssl=1\" src=\"https:\/\/i0.wp.com\/jeremieboudreault.com\/wp-content\/uploads\/2022\/05\/jeremie-2.png?resize=525%2C574&#038;ssl=1\" alt=\"\" class=\"wp-image-166\"\/><\/figure>\n<\/div>\n\n\n\n<div class=\"wp-block-column is-layout-flow wp-block-column-is-layout-flow\">\n<h2 class=\"wp-block-heading has-text-align-left\" style=\"margin-top:0px;margin-right:0px;margin-bottom:0px;margin-left:0px;font-size:37px\">J\u00e9r\u00e9mie Boudreault<\/h2>\n\n\n\n<h3 class=\"wp-block-heading\">Email<\/h3>\n\n\n\n<p class=\"has-text-align-left wp-block-paragraph\" style=\"font-size:18px\">Pour rejoindre J\u00e9r\u00e9mie Boudreault quelque soit le sujet d&rsquo;int\u00e9r\u00eat.<\/p>\n\n\n\n<p class=\"wp-block-paragraph\"><a href=\"mailto:jeremieb53@hotmail.com\">jeremieb53@hotmail.com<\/a><\/p>\n\n\n\n<p class=\"has-text-align-left wp-block-paragraph\" style=\"font-size:18px\">Pour rejoindre J\u00e9r\u00e9mie Boudreault au sujet de Cr\u00e9ations-sur-le- champ Land art Mont-Saint-Hilaire dont elle est l&rsquo;id\u00e9atrice et directrice artistique.<\/p>\n\n\n\n<p class=\"has-text-align-left margin-bottom-none wp-block-paragraph\" style=\"font-size:18px\"><a href=\"mailto:info@landart-creations-sur-le-champ.ca\">info@landart-creations-sur-le-champ.ca<\/a><\/p>\n\n\n\n<h3 class=\"wp-block-heading\">T\u00e9l\u00e9phone<\/h3>\n\n\n\n<p class=\"wp-block-paragraph\">514 973-5561<\/p>\n<\/div>\n<\/div>","protected":false},"excerpt":{"rendered":"<p>J\u00e9r\u00e9mie Boudreault Courriel Pour rejoindre J\u00e9r\u00e9mie Boudreault quelque soit le sujet d&rsquo;int\u00e9r\u00eat. jeremieb53@hotmail.com Pour rejoindre J\u00e9r\u00e9mie Boudreault au sujet de Cr\u00e9ations-sur-le- champ Land art Mont-Saint-Hilaire dont elle est l&rsquo;id\u00e9atrice et directrice artistique. info@landart-creations-sur-le-champ.ca T\u00e9l\u00e9phone 514 973-5561<\/p>","protected":false},"author":221232206,"featured_media":0,"parent":0,"menu_order":0,"comment_status":"closed","ping_status":"closed","template":"","meta":{"_crdt_document":"","advanced_seo_description":"","jetpack_seo_html_title":"","jetpack_seo_noindex":false,"footnotes":""},"class_list":["post-53","page","type-page","status-publish","hentry"],"jetpack_likes_enabled":true,"jetpack_sharing_enabled":true,"jetpack_shortlink":"https:\/\/wp.me\/PdYxsj-R","amp_enabled":true,"_links":{"self":[{"href":"https:\/\/jeremieboudreault.com\/en\/wp-json\/wp\/v2\/pages\/53","targetHints":{"allow":["GET"]}}],"collection":[{"href":"https:\/\/jeremieboudreault.com\/en\/wp-json\/wp\/v2\/pages"}],"about":[{"href":"https:\/\/jeremieboudreault.com\/en\/wp-json\/wp\/v2\/types\/page"}],"author":[{"embeddable":true,"href":"https:\/\/jeremieboudreault.com\/en\/wp-json\/wp\/v2\/users\/221232206"}],"replies":[{"embeddable":true,"href":"https:\/\/jeremieboudreault.com\/en\/wp-json\/wp\/v2\/comments?post=53"}],"version-history":[{"count":15,"href":"https:\/\/jeremieboudreault.com\/en\/wp-json\/wp\/v2\/pages\/53\/revisions"}],"predecessor-version":[{"id":1180,"href":"https:\/\/jeremieboudreault.com\/en\/wp-json\/wp\/v2\/pages\/53\/revisions\/1180"}],"wp:attachment":[{"href":"https:\/\/jeremieboudreault.com\/en\/wp-json\/wp\/v2\/media?parent=53"}],"curies":[{"name":"wp","href":"https:\/\/api.w.org\/{rel}","templated":true}]}}