{"id":610,"date":"2022-06-04T14:52:56","date_gmt":"2022-06-04T18:52:56","guid":{"rendered":"https:\/\/jeremieboudreault.com\/?page_id=610"},"modified":"2023-07-25T11:21:56","modified_gmt":"2023-07-25T15:21:56","slug":"la-foule-fanfare-masquee-fr","status":"publish","type":"page","link":"https:\/\/jeremieboudreault.com\/en\/la-foule-fanfare-masquee-fr\/","title":{"rendered":"La Foule Fanfare Masqu\u00e9e"},"content":{"rendered":"<h2 class=\"wp-block-heading\">\u00c9v\u00e9nement dans les rues de Mont-Saint-Hilaire avec la Fanfare Pourpour, ao\u00fbt 2008<\/h2>\n\n\n\n<p class=\"wp-block-paragraph\">Id\u00e9atrice de l&rsquo;\u00e9v\u00e9nement et cr\u00e9atrice des costumes<\/p>\n\n\n\n<figure class=\"wp-block-video wp-block-embed is-type-video is-provider-videopress\"><div class=\"wp-block-embed__wrapper\">\n<iframe title=\"VideoPress Video Player\" aria-label='VideoPress Video Player' width='525' height='295' src='https:\/\/videopress.com\/embed\/8kXHTWEy?cover=1&amp;preloadContent=metadata&amp;useAverageColor=1&amp;hd=0' frameborder='0' allowfullscreen data-resize-to-parent=\"true\" allow='clipboard-write'><\/iframe><script src='https:\/\/v0.wordpress.com\/js\/next\/videopress-iframe.js?m=1674852142'><\/script>\n<\/div><\/figure>\n\n\n\n<div class=\"wp-block-jetpack-slideshow alignfull\" data-autoplay=\"true\" data-delay=\"2\" data-effect=\"fade\"><div class=\"wp-block-jetpack-slideshow_container swiper-container\"><ul class=\"wp-block-jetpack-slideshow_swiper-wrapper swiper-wrapper\"><li class=\"wp-block-jetpack-slideshow_slide swiper-slide\"><figure><img data-recalc-dims=\"1\" loading=\"lazy\" decoding=\"async\" width=\"525\" height=\"315\" alt=\"\" class=\"wp-block-jetpack-slideshow_image wp-image-570\" data-id=\"570\" src=\"https:\/\/i0.wp.com\/jeremieboudreault.com\/wp-content\/uploads\/2022\/06\/ffm_5.png?resize=525%2C315&#038;ssl=1\"\/><\/figure><\/li><li class=\"wp-block-jetpack-slideshow_slide swiper-slide\"><figure><img data-recalc-dims=\"1\" loading=\"lazy\" decoding=\"async\" width=\"525\" height=\"315\" alt=\"\" class=\"wp-block-jetpack-slideshow_image wp-image-571\" data-id=\"571\" src=\"https:\/\/i0.wp.com\/jeremieboudreault.com\/wp-content\/uploads\/2022\/06\/ffm_6.png?resize=525%2C315&#038;ssl=1\"\/><\/figure><\/li><li class=\"wp-block-jetpack-slideshow_slide swiper-slide\"><figure><img data-recalc-dims=\"1\" loading=\"lazy\" decoding=\"async\" width=\"525\" height=\"315\" alt=\"\" class=\"wp-block-jetpack-slideshow_image wp-image-572\" data-id=\"572\" src=\"https:\/\/i0.wp.com\/jeremieboudreault.com\/wp-content\/uploads\/2022\/06\/ffm_7.png?resize=525%2C315&#038;ssl=1\"\/><\/figure><\/li><li class=\"wp-block-jetpack-slideshow_slide swiper-slide\"><figure><img data-recalc-dims=\"1\" loading=\"lazy\" decoding=\"async\" width=\"525\" height=\"315\" alt=\"\" class=\"wp-block-jetpack-slideshow_image wp-image-568\" data-id=\"568\" src=\"https:\/\/i0.wp.com\/jeremieboudreault.com\/wp-content\/uploads\/2022\/06\/ffm_3.png?resize=525%2C315&#038;ssl=1\"\/><\/figure><\/li><li class=\"wp-block-jetpack-slideshow_slide swiper-slide\"><figure><img data-recalc-dims=\"1\" loading=\"lazy\" decoding=\"async\" width=\"525\" height=\"315\" alt=\"\" class=\"wp-block-jetpack-slideshow_image wp-image-566\" data-id=\"566\" src=\"https:\/\/i0.wp.com\/jeremieboudreault.com\/wp-content\/uploads\/2022\/06\/ffm_1.png?resize=525%2C315&#038;ssl=1\"\/><\/figure><\/li><li class=\"wp-block-jetpack-slideshow_slide swiper-slide\"><figure><img data-recalc-dims=\"1\" loading=\"lazy\" decoding=\"async\" width=\"525\" height=\"315\" alt=\"\" class=\"wp-block-jetpack-slideshow_image wp-image-567\" data-id=\"567\" src=\"https:\/\/i0.wp.com\/jeremieboudreault.com\/wp-content\/uploads\/2022\/06\/ffm_2.png?resize=525%2C315&#038;ssl=1\"\/><\/figure><\/li><\/ul><a class=\"wp-block-jetpack-slideshow_button-prev swiper-button-prev swiper-button-white\" role=\"button\"><\/a><a class=\"wp-block-jetpack-slideshow_button-next swiper-button-next swiper-button-white\" role=\"button\"><\/a><a aria-label=\"Pause Slideshow\" class=\"wp-block-jetpack-slideshow_button-pause\" role=\"button\"><\/a><div class=\"wp-block-jetpack-slideshow_pagination swiper-pagination swiper-pagination-white\"><\/div><\/div><\/div>","protected":false},"excerpt":{"rendered":"<p>\u00c9v\u00e9nement dans les rues de Mont-Saint-Hilaire avec la Fanfare Pourpour, ao\u00fbt 2008 Id\u00e9atrice de l&rsquo;\u00e9v\u00e9nement et cr\u00e9atrice des costumes<\/p>","protected":false},"author":221232206,"featured_media":0,"parent":0,"menu_order":0,"comment_status":"closed","ping_status":"closed","template":"","meta":{"_crdt_document":"","advanced_seo_description":"","jetpack_seo_html_title":"","jetpack_seo_noindex":false,"footnotes":""},"class_list":["post-610","page","type-page","status-publish","hentry"],"jetpack_likes_enabled":true,"jetpack_sharing_enabled":true,"jetpack_shortlink":"https:\/\/wp.me\/PdYxsj-9Q","amp_enabled":true,"_links":{"self":[{"href":"https:\/\/jeremieboudreault.com\/en\/wp-json\/wp\/v2\/pages\/610","targetHints":{"allow":["GET"]}}],"collection":[{"href":"https:\/\/jeremieboudreault.com\/en\/wp-json\/wp\/v2\/pages"}],"about":[{"href":"https:\/\/jeremieboudreault.com\/en\/wp-json\/wp\/v2\/types\/page"}],"author":[{"embeddable":true,"href":"https:\/\/jeremieboudreault.com\/en\/wp-json\/wp\/v2\/users\/221232206"}],"replies":[{"embeddable":true,"href":"https:\/\/jeremieboudreault.com\/en\/wp-json\/wp\/v2\/comments?post=610"}],"version-history":[{"count":5,"href":"https:\/\/jeremieboudreault.com\/en\/wp-json\/wp\/v2\/pages\/610\/revisions"}],"predecessor-version":[{"id":1157,"href":"https:\/\/jeremieboudreault.com\/en\/wp-json\/wp\/v2\/pages\/610\/revisions\/1157"}],"wp:attachment":[{"href":"https:\/\/jeremieboudreault.com\/en\/wp-json\/wp\/v2\/media?parent=610"}],"curies":[{"name":"wp","href":"https:\/\/api.w.org\/{rel}","templated":true}]}}