{"id":65,"date":"2022-05-18T11:31:07","date_gmt":"2022-05-18T15:31:07","guid":{"rendered":"https:\/\/jeremieboudreault.com\/?page_id=65"},"modified":"2025-06-13T09:31:26","modified_gmt":"2025-06-13T13:31:26","slug":"biographie","status":"publish","type":"page","link":"https:\/\/jeremieboudreault.com\/en\/biographie\/","title":{"rendered":"Biography"},"content":{"rendered":"<h2 class=\"wp-block-heading\">J\u00c9R\u00c9MIE Boudreault equals passion and freedom of expression<\/h2>\n\n\n\n<p class=\"wp-block-paragraph\">From her adolescence she followed the children of Ch\u00e9nier and discovered a fragmented theater that was played out in the center of the spectators. She found free creators who opened a door to the imagination and created dreams where angels and demons confronted each other. Then she attended Hair, the musical from England, which propelled her into a world that would never leave her: multidisciplinarity. \nAfter the Saint-Hyacinthe theater option, she performed at the LNI. Robert Gravel and Jean-Pierre Ronfart with the Nouveau Th\u00e9\u00e2tre exp\u00e9rimental excited her, she would like to be part of it, but since she is already the mother of two young children, she chooses to create the impossible in the region. His first immersive installations are presented in recognized professional venues: at the Th\u00e9\u00e2tre La Chapelle in Montreal, in the lobby of the Th\u00e9\u00e2tre de la Ville in Longueuil, at the Vieux Presbyt\u00e8re in Saint-Bruno and at the Expression gallery in Saint-Hyacinthe. In 1996, she and two other visual artists renovated an abandoned gas station, which would become <em>Arts Station<\/em>, a place for the dissemination of alternative culture in all its forms. Once again, she uses open-ended multidisciplinarity to better amalgamate it. \nFor 14 years, as an ideator and artistic director, she created, reinvented herself and gave multiple artists the chance to share the creative happening. Finally, from May 2 to July 11, 2021, the Mus\u00e9e des beaux-arts de Mont-Saint-Hilaire offers her on a silver platter, a solo exhibition: <br><em>Le miroir agit\u00e9<\/em>, an immersive theatrical installation in three tableaux. For 75 days, J\u00e9r\u00e9mie Boudreault welcomes visitors and school groups to this immersive work where hope coexists with fate.<\/p>\n\n\n\n<p class=\"wp-block-paragraph\"><\/p>\n\n\n\n<div class=\"wp-block-jetpack-slideshow aligncenter\" data-autoplay=\"true\" data-delay=\"1\" data-effect=\"fade\"><div class=\"wp-block-jetpack-slideshow_container swiper-container\"><ul class=\"wp-block-jetpack-slideshow_swiper-wrapper swiper-wrapper\"><li class=\"wp-block-jetpack-slideshow_slide swiper-slide\"><figure><img data-recalc-dims=\"1\" loading=\"lazy\" decoding=\"async\" width=\"525\" height=\"525\" alt=\"\" class=\"wp-block-jetpack-slideshow_image wp-image-457\" data-id=\"457\" src=\"https:\/\/i0.wp.com\/jeremieboudreault.com\/wp-content\/uploads\/2022\/05\/img_1296.png?resize=525%2C525&#038;ssl=1\"\/><\/figure><\/li><li class=\"wp-block-jetpack-slideshow_slide swiper-slide\"><figure><img data-recalc-dims=\"1\" loading=\"lazy\" decoding=\"async\" width=\"525\" height=\"525\" alt=\"\" class=\"wp-block-jetpack-slideshow_image wp-image-458\" data-id=\"458\" src=\"https:\/\/i0.wp.com\/jeremieboudreault.com\/wp-content\/uploads\/2022\/05\/img_1322.png?resize=525%2C525&#038;ssl=1\"\/><\/figure><\/li><li class=\"wp-block-jetpack-slideshow_slide swiper-slide\"><figure><img data-recalc-dims=\"1\" loading=\"lazy\" decoding=\"async\" width=\"525\" height=\"525\" alt=\"\" class=\"wp-block-jetpack-slideshow_image wp-image-456\" data-id=\"456\" src=\"https:\/\/i0.wp.com\/jeremieboudreault.com\/wp-content\/uploads\/2022\/05\/img_1323.png?resize=525%2C525&#038;ssl=1\"\/><\/figure><\/li><li class=\"wp-block-jetpack-slideshow_slide swiper-slide\"><figure><img data-recalc-dims=\"1\" loading=\"lazy\" decoding=\"async\" width=\"525\" height=\"525\" alt=\"\" class=\"wp-block-jetpack-slideshow_image wp-image-455\" data-id=\"455\" src=\"https:\/\/i0.wp.com\/jeremieboudreault.com\/wp-content\/uploads\/2022\/05\/img_1320.png?resize=525%2C525&#038;ssl=1\"\/><\/figure><\/li><li class=\"wp-block-jetpack-slideshow_slide swiper-slide\"><figure><img data-recalc-dims=\"1\" loading=\"lazy\" decoding=\"async\" width=\"525\" height=\"525\" alt=\"\" class=\"wp-block-jetpack-slideshow_image wp-image-453\" data-id=\"453\" src=\"https:\/\/i0.wp.com\/jeremieboudreault.com\/wp-content\/uploads\/2022\/05\/img_1321.png?resize=525%2C525&#038;ssl=1\"\/><\/figure><\/li><li class=\"wp-block-jetpack-slideshow_slide swiper-slide\"><figure><img data-recalc-dims=\"1\" loading=\"lazy\" decoding=\"async\" width=\"525\" height=\"525\" alt=\"\" class=\"wp-block-jetpack-slideshow_image wp-image-454\" data-id=\"454\" src=\"https:\/\/i0.wp.com\/jeremieboudreault.com\/wp-content\/uploads\/2022\/05\/img_1319.png?resize=525%2C525&#038;ssl=1\"\/><\/figure><\/li><li class=\"wp-block-jetpack-slideshow_slide swiper-slide\"><figure><img data-recalc-dims=\"1\" loading=\"lazy\" decoding=\"async\" width=\"525\" height=\"525\" alt=\"\" class=\"wp-block-jetpack-slideshow_image wp-image-452\" data-id=\"452\" src=\"https:\/\/i0.wp.com\/jeremieboudreault.com\/wp-content\/uploads\/2022\/05\/img_1295.png?resize=525%2C525&#038;ssl=1\"\/><\/figure><\/li><li class=\"wp-block-jetpack-slideshow_slide swiper-slide\"><figure><img data-recalc-dims=\"1\" loading=\"lazy\" decoding=\"async\" width=\"525\" height=\"525\" alt=\"\" class=\"wp-block-jetpack-slideshow_image wp-image-451\" data-id=\"451\" src=\"https:\/\/i0.wp.com\/jeremieboudreault.com\/wp-content\/uploads\/2022\/05\/img_1293.png?resize=525%2C525&#038;ssl=1\"\/><\/figure><\/li><\/ul><a class=\"wp-block-jetpack-slideshow_button-prev swiper-button-prev swiper-button-white\" role=\"button\"><\/a><a class=\"wp-block-jetpack-slideshow_button-next swiper-button-next swiper-button-white\" role=\"button\"><\/a><a aria-label=\"Pause Slideshow\" class=\"wp-block-jetpack-slideshow_button-pause\" role=\"button\"><\/a><div class=\"wp-block-jetpack-slideshow_pagination swiper-pagination swiper-pagination-white\"><\/div><\/div><\/div>\n\n\n\n<p class=\"wp-block-paragraph\">She is also the founder and artistic director of the international project, <em>Cr\u00e9ations-sur-le-champ land art <\/em>in Mont-Saint-Hilaire in partnership with the city. This year will be the 18th edition. She continues her work as a hybrid artist in her studio in Mont-Saint-Hilaire, and in 2025, she dares to move to Versailles.\u00a0<strong><em>Ozer Versailles\u00a0<\/em><\/strong>an installation inspired by the ice palace in the style of J\u00e9r\u00e9mie.<\/p>\n\n\n\n<p class=\"wp-block-paragraph\"><\/p>","protected":false},"excerpt":{"rendered":"<p>J\u00c9R\u00c9MIE Boudreault \u00e9gale passion et libert\u00e9 d\u2019expression D\u00e8s son adolescence elle suit les enfants de Ch\u00e9nier et d\u00e9couvre un th\u00e9\u00e2tre \u00e9clat\u00e9 qui se joue au centre des spectateurs. Elle trouve des cr\u00e9ateurs libres qui ouvrent une porte sur l\u2019imaginaire et fabriquent du r\u00eave o\u00f9 se confrontent anges et d\u00e9mons. Puis elle assiste \u00e0 Hair, la &hellip; <\/p>\n<p class=\"link-more\"><a href=\"https:\/\/jeremieboudreault.com\/en\/biographie\/\" class=\"more-link\">Continue reading<span class=\"screen-reader-text\"> \u00ab\u00a0Biographie\u00a0\u00bb<\/span><\/a><\/p>","protected":false},"author":221232206,"featured_media":0,"parent":0,"menu_order":0,"comment_status":"closed","ping_status":"closed","template":"","meta":{"_crdt_document":"","advanced_seo_description":"","jetpack_seo_html_title":"","jetpack_seo_noindex":false,"footnotes":""},"class_list":["post-65","page","type-page","status-publish","hentry"],"jetpack_likes_enabled":true,"jetpack_sharing_enabled":true,"jetpack_shortlink":"https:\/\/wp.me\/PdYxsj-13","amp_enabled":true,"_links":{"self":[{"href":"https:\/\/jeremieboudreault.com\/en\/wp-json\/wp\/v2\/pages\/65","targetHints":{"allow":["GET"]}}],"collection":[{"href":"https:\/\/jeremieboudreault.com\/en\/wp-json\/wp\/v2\/pages"}],"about":[{"href":"https:\/\/jeremieboudreault.com\/en\/wp-json\/wp\/v2\/types\/page"}],"author":[{"embeddable":true,"href":"https:\/\/jeremieboudreault.com\/en\/wp-json\/wp\/v2\/users\/221232206"}],"replies":[{"embeddable":true,"href":"https:\/\/jeremieboudreault.com\/en\/wp-json\/wp\/v2\/comments?post=65"}],"version-history":[{"count":14,"href":"https:\/\/jeremieboudreault.com\/en\/wp-json\/wp\/v2\/pages\/65\/revisions"}],"predecessor-version":[{"id":2045,"href":"https:\/\/jeremieboudreault.com\/en\/wp-json\/wp\/v2\/pages\/65\/revisions\/2045"}],"wp:attachment":[{"href":"https:\/\/jeremieboudreault.com\/en\/wp-json\/wp\/v2\/media?parent=65"}],"curies":[{"name":"wp","href":"https:\/\/api.w.org\/{rel}","templated":true}]}}